{"id":2098,"date":"2013-11-11T14:34:14","date_gmt":"2013-11-11T13:34:14","guid":{"rendered":"http:\/\/langwost.de\/?page_id=2098"},"modified":"2020-09-04T08:42:52","modified_gmt":"2020-09-04T06:42:52","slug":"pdfs","status":"publish","type":"page","link":"https:\/\/langwost.de\/?page_id=2098","title":{"rendered":"Fachbereiche"},"content":{"rendered":"<h2><strong>Unternehmensgruppe &#8211; Fachbereiche &#8211; Divisionen.<\/strong><\/h2>\n<p><strong>Die Unternehmensberatung<br \/>\n<\/strong>Entwicklungen von Konzeptionen, Strategien, Marketingaktionen,<br \/>\nNetzwerkberatung und Verkaufsf\u00f6rderungma\u00dfnahmen<br \/>\nmacht die<strong> <a title=\"Der direkte Klick zur Marketing-Unternehmensberatung.\" href=\"https:\/\/www.langwost.de\" target=\"_blank\">langwost.de<\/a><\/strong>.<\/p>\n<p><strong>Die technische Realisierung<\/strong><br \/>\naller Werbe- und Verkaufsf\u00f6rderungs-Ma\u00dfnahmen<br \/>\nund deren kaufm\u00e4nnische Abrechnung aller Produktionen<br \/>\nmacht die <strong><a title=\"Der direkte Klick zur technischen Werbe-Produktion.\" href=\"https:\/\/www.idee-produktion.de\" target=\"_blank\">idee-produktion.de GmbH<\/a><\/strong>.<\/p>\n<p><strong>Den Netzwerk-Strukturaufbau<\/strong><br \/>\n&#8211; aller 13 Divisionen f\u00fcr den Marketing- und Werbebereich<br \/>\n&#8211; incl. den Vertrieb, Lizenzen, Schulungen<br \/>\n&#8211; das <a title=\"Der direkte Klick zum Shop - ab 2018 aktiv.\" href=\"https:\/\/www.billig-paradies.de\" target=\"_blank\">billig-paradies.de<\/a> Shop-Portal<br \/>\n&#8211; die <a title=\"Der direkte Klick zum Profi, runds um Marketing.\" href=\"https:\/\/www.suche-profi.de\" target=\"_blank\">suche-profi.de<\/a> Netzwerkplattform<br \/>\nund deren Abrechnungen<br \/>\nmacht die <strong><a title=\"Der direkte Klick zu den Erfolgsdivisionen und deren Netzwerk.\" href=\"https:\/\/www.1a-idee.com\" target=\"_blank\">1a-idee.com AG<\/a><\/strong>.<\/p>\n<p><strong>Die Immobilienverwaltung f\u00fcr:<\/strong><br \/>\n&#8211; <a title=\"3 traumhafte Ferienh\u00e4user in der Gallura, dem n\u00f6rdlichen Sardinien. Die sch\u00f6nste Insel Europas.\" href=\"https:\/\/www.sardinien-hausvermietung.de\" target=\"_blank\">sardinien-hausvermietung.de<\/a><br \/>\n&#8211; <a title=\"Kombinierbare B\u00fcrofl\u00e4chen - in bester Lager an der B6 \/ Garbsen - zu attraktiven Kojidionen.\" href=\"https:\/\/www.b6-office.de\" target=\"_blank\">b6-office.de<\/a> &#8211; Objektverwaltung<br \/>\n&#8211; und weiterer Objekte \/ Eigenimmobilien<br \/>\nmacht die <strong>Peter Langwost Verwaltung<\/strong><\/p>\n<p><strong>Die Immobilienverwaltung f\u00fcr:<\/strong><br \/>\n&#8211; Objekte: Heinkelstr.1-3, 30827 Garbsen<br \/>\nmacht die <strong>Peter Langwost Stiftung<\/strong>.<\/p>\n<p><strong>Die Fachbereiche der weiteren Dienstleistungen<br \/>\n<\/strong>finden Sie in den separaten Men\u00fcpunkten dieser Seite.<\/p>\n<p><strong>Alle Divisionen und Projekte<\/strong><br \/>\nfinden Sie <strong><a title=\"Alle Divisionen und Projekte.\" href=\"https:\/\/langwost.de\/?page_id=5919\" target=\"_blank\">hier<\/a><\/strong> gelistet, sowie deren Leistungen unter<br \/>\nden jeweiligen Divisionsnamen online im Internet.<\/p>\n","protected":false},"excerpt":{"rendered":"<p>Unternehmensgruppe &#8211; Fachbereiche &#8211; Divisionen. Die Unternehmensberatung Entwicklungen von Konzeptionen, Strategien, Marketingaktionen, Netzwerkberatung und Verkaufsf\u00f6rderungma\u00dfnahmen macht die langwost.de. Die technische [&hellip;]<\/p>\n","protected":false},"author":1,"featured_media":0,"parent":0,"menu_order":0,"comment_status":"closed","ping_status":"closed","template":"page-fullwidth.php","meta":{"footnotes":"","_links_to":"","_links_to_target":""},"class_list":["post-2098","page","type-page","status-publish","hentry","no-featured-image"],"_links":{"self":[{"href":"https:\/\/langwost.de\/index.php?rest_route=\/wp\/v2\/pages\/2098"}],"collection":[{"href":"https:\/\/langwost.de\/index.php?rest_route=\/wp\/v2\/pages"}],"about":[{"href":"https:\/\/langwost.de\/index.php?rest_route=\/wp\/v2\/types\/page"}],"author":[{"embeddable":true,"href":"https:\/\/langwost.de\/index.php?rest_route=\/wp\/v2\/users\/1"}],"replies":[{"embeddable":true,"href":"https:\/\/langwost.de\/index.php?rest_route=%2Fwp%2Fv2%2Fcomments&post=2098"}],"version-history":[{"count":24,"href":"https:\/\/langwost.de\/index.php?rest_route=\/wp\/v2\/pages\/2098\/revisions"}],"predecessor-version":[{"id":6836,"href":"https:\/\/langwost.de\/index.php?rest_route=\/wp\/v2\/pages\/2098\/revisions\/6836"}],"wp:attachment":[{"href":"https:\/\/langwost.de\/index.php?rest_route=%2Fwp%2Fv2%2Fmedia&parent=2098"}],"curies":[{"name":"wp","href":"https:\/\/api.w.org\/{rel}","templated":true}]}}