{"id":5822,"date":"2015-06-22T15:22:12","date_gmt":"2015-06-22T13:22:12","guid":{"rendered":"http:\/\/langwost.de\/?page_id=5822"},"modified":"2016-11-10T09:25:48","modified_gmt":"2016-11-10T08:25:48","slug":"s1-online-unternehmensberatung-und-vertriebskonzepte","status":"publish","type":"page","link":"https:\/\/langwost.de\/?page_id=5822","title":{"rendered":"S1 &#8211; Online Unternehmensberatung und Vertriebskonzepte"},"content":{"rendered":"<p><strong>Bei uns bekommen Sie neuen Input!<\/strong><\/p>\n<p><strong>Verlassen Sie einfach mal Ihre Trampelpfade des Allt\u00e4glichen<\/strong> und lassen Sie sich<br \/>\nv\u00f6llig neu inspirieren, um zu erfahren, was eine aktive Unternehmensberatung<br \/>\nim Fachbereich Marketing, Werbung, Kommunikation<br \/>\naus Ihrer Unternehmung so anstellen k\u00f6nnte.<br \/>\nDenn aktive Unternehmensberatung und Ver\u00e4nderung f\u00e4ngt bei uns da an,<br \/>\nwo Sie Ihre Grenzen bisher entdeckten.<\/p>\n<p>Es geht bei unserer Fachberatung!, nicht um betriebswirtschaftliche Auswertungen<br \/>\nund x-beliebige Zahlenger\u00fcste, die Sie bestimmt anderswo g\u00fcnstiger<br \/>\neinkaufen k\u00f6nnen, und die Sie sowieso jeden Monat von Ihrem Steuerberater<br \/>\nserviert bekommen.<br \/>\nDas w\u00e4re viel zu langweilig! viel zu n\u00fcchtern! und verwirrend! als das sie in Bezug<br \/>\nauf vision\u00e4re Denkweise und Creativit\u00e4t was bringen w\u00fcrde! <strong>Weg damit!<\/strong><\/p>\n<p>Das w\u00fcrde Sie viel zu sehr blockieren!<br \/>\nDas behindert nur Ihre und unsere Creativit\u00e4t!<br \/>\nIhr Steuerberater und die gelangweilten Betriebsoptimierer k\u00f6nnen sich damit<br \/>\nrumplagen, die sollen ja auch noch was zu tun haben.<\/p>\n<p><strong>Bei unserer Unternehmensberatung geht es um v\u00f6llig neue Sichtweisen<\/strong><br \/>\n<strong>zu Ihren Produkten, zu Ihrer Dienstleistung, zum Markt und zu Ihrer Zielgruppe<br \/>\nund noch wichtiger, um den VERKAUF!<\/strong><br \/>\nF\u00fcr uns ist es absolut egal, ob Sie im Dienstleistungbereich, Handel oder technischen Produktionsgewerbe arbeiten. Ihr Business spielt absolut keine Rolle!<br \/>\nDenn Kreativit\u00e4t &#8211; gerade unsere &#8211; sollte grenzenlos sein und nicht vor<br \/>\nden einzelnen Berufszweigen ein stop setzen!<br \/>\n<strong>Wir denken erstmal Grenzenlos und agieren dann produktiv und effektiv!<\/strong><\/p>\n<p><span style=\"text-decoration: underline;\">Vision\u00e4re Unternehmensberatung ist unsere Spezialgebiet.<\/span><br \/>\nWir liefern den &#8222;erfahrenen Instinkt&#8220; zu dem was m\u00f6glich ist,<br \/>\n&#8211; was der Markt her gibt,<br \/>\n&#8211; wie Ihr Unternehmen ausgerichtet ist,<br \/>\n&#8211; welche Grenzen wann und wo verlaufen,<br \/>\n&#8211; Gesetzm\u00e4ssigkeiten erkennen,<br \/>\n&#8211; was geht und was nicht geht.<br \/>\nWir wissen zu 99% wo es lang geht. Das fehlende 1% bringen Sie mir.<br \/>\n<strong>Sie bekommen zu 100% ein verwertbare, mit Ihnen abgestimmte<\/strong><br \/>\n<strong>Marketing-, Kommunikations- und Verkaufsf\u00f6rderungsleistung.<\/strong><br \/>\nGenau das ist unser know how,<br \/>\ndas seit \u00fcber 32 Jahren trainiert wurde!<br \/>\n<strong>Das langwost Unternehmensberatungs-Team ist seit \u00fcber 32 Jahren<\/strong><br \/>\n<strong>erfolgreich als Marketing- + Werbeunternehmen am Markt t\u00e4tig.<br \/>\nJetzt lassen wir mit<\/strong> <strong>zielf\u00fchrenden Beratungen auch andere<br \/>\nUnternehmer daran teilhaben!<\/strong><\/p>\n<p>Mit Ihnen gemeinsam werden wir Ihre bisher gesteckten Grenzen nicht nur<br \/>\nerkennen, sondern ganz bewusst mit v\u00f6llig neuen Ideen und Gedanken<br \/>\nanreichern und abgestimmt gemeinsam mit Ihnen \u00fcberschreiten,<br \/>\nund Sie und Ihr Unternehmen auf einen v\u00f6llig neuen Pfad bringen.<\/p>\n<p>Online Unternehmensberatung deswegen,<br \/>\nweil wir unsere klassische vision\u00e4re Creativberatung so abstimmen,<br \/>\nweil wir den neuen Online-Markt,<br \/>\nder sich in den letzten Jahr so hervorragend entwickelt hat,<br \/>\nmit ins Portfolio aufnehmen, und darin Ihr Unternehmen als Mittelpunkt<br \/>\nnoch besser integrieren werden.<\/p>\n<p>Wie das Internet nunmal ist, es w\u00e4re viel zu langweilig,<br \/>\nwenn es darin nicht ums Verkaufen gehen w\u00fcrde!<br \/>\n<strong>Das Internet ist die perfekte Plattform f\u00fcr Ihre zielorientierte<\/strong><br \/>\n<strong> Kommunikation und den zuk\u00fcnftigen Vertrieb Ihrer Leistungen!<\/strong><br \/>\nPassend zu unserem Slogan:<br \/>\n<strong>&#8222;Erfolgreich kommunizieren heisst verkaufen!&#8220;<\/strong><br \/>\nbietet Ihnen das Internet ein hervorragendes Medium,<br \/>\nIhre Produkte und Leistungen darzustellen und verkaufsfertig<br \/>\nanzupreisen!<\/p>\n<p><strong>Doch wie anstellen?<\/strong><br \/>\nWie beutet man das Internet aus, wie nutzen Sie das vorhandene Potential richtig?<br \/>\nDaf\u00fcr bekommen Sie von uns das passende Vertriebskonzept!<br \/>\nMut was neues zu probieren?<br \/>\nZeit f\u00fcr neue L\u00f6sungen f\u00fcrs Online-Marketing?<br \/>\nLust auf gute Vertriebsideen?<br \/>\nDann mal los!<br \/>\n<strong><a title=\"Kontakten Sie uns. Betiteln Sie Ihre Aufgabe. Wir finden die L\u00f6sung!\" href=\"maito:info@langwost.de\">Email zu uns<\/a><\/strong> <strong>schreiben und Kontakt kn\u00fcpfen.<\/strong><\/p>\n","protected":false},"excerpt":{"rendered":"<p>Bei uns bekommen Sie neuen Input! Verlassen Sie einfach mal Ihre Trampelpfade des Allt\u00e4glichen und lassen Sie sich v\u00f6llig neu [&hellip;]<\/p>\n","protected":false},"author":1,"featured_media":0,"parent":0,"menu_order":0,"comment_status":"closed","ping_status":"closed","template":"","meta":{"footnotes":"","_links_to":"","_links_to_target":""},"class_list":["post-5822","page","type-page","status-publish","hentry","no-featured-image"],"_links":{"self":[{"href":"https:\/\/langwost.de\/index.php?rest_route=\/wp\/v2\/pages\/5822"}],"collection":[{"href":"https:\/\/langwost.de\/index.php?rest_route=\/wp\/v2\/pages"}],"about":[{"href":"https:\/\/langwost.de\/index.php?rest_route=\/wp\/v2\/types\/page"}],"author":[{"embeddable":true,"href":"https:\/\/langwost.de\/index.php?rest_route=\/wp\/v2\/users\/1"}],"replies":[{"embeddable":true,"href":"https:\/\/langwost.de\/index.php?rest_route=%2Fwp%2Fv2%2Fcomments&post=5822"}],"version-history":[{"count":17,"href":"https:\/\/langwost.de\/index.php?rest_route=\/wp\/v2\/pages\/5822\/revisions"}],"predecessor-version":[{"id":6715,"href":"https:\/\/langwost.de\/index.php?rest_route=\/wp\/v2\/pages\/5822\/revisions\/6715"}],"wp:attachment":[{"href":"https:\/\/langwost.de\/index.php?rest_route=%2Fwp%2Fv2%2Fmedia&parent=5822"}],"curies":[{"name":"wp","href":"https:\/\/api.w.org\/{rel}","templated":true}]}}