{"id":5829,"date":"2015-06-22T15:24:49","date_gmt":"2015-06-22T13:24:49","guid":{"rendered":"http:\/\/langwost.de\/?page_id=5829"},"modified":"2016-11-10T10:58:42","modified_gmt":"2016-11-10T09:58:42","slug":"s4-unternehmensverpackung","status":"publish","type":"page","link":"https:\/\/langwost.de\/?page_id=5829","title":{"rendered":"S4 &#8211; Unternehmensverpackung"},"content":{"rendered":"<p><b>Die Zeiten \u00e4ndern sich.<br \/>\nJetzt Ihre Unternehmensverpackung wirkungsvoll anpassen!<br \/>\n<\/b>Infos zum Thema CI (corporate image) und CD (corporate design).<b><\/b><\/p>\n<p>\u00dcber das richtige Verpacken k\u00f6nnte man vermutlich ein dickes Buch schreiben!<br \/>\n&#8211; Frauen schminken sich f\u00fcr uns M\u00e4nner. Danke daf\u00fcr! Teils tolle Verpackung!<br \/>\n&#8211; Mon Cherie w\u00e4re nur die H\u00e4lfte wert, wenn die Verpackung fehlen w\u00fcrde.<br \/>\n&#8211; Unverpackte Weihnachtsgeschenke sind ein no go !<br \/>\n&#8211; Den Reichstag verpacken, da muss man erstmal drauf kommen.<br \/>\n&#8230;(die Idee stammt nicht von uns!)<br \/>\n&#8211; Markenfirmen h\u00e4tten es ohne Verpackung unendlich schwerer!<\/p>\n<p>Es g\u00e4be noch tausende Beispiele warum Verpackung vermutlich eine<br \/>\nder wichtigsten, leider teils unbeachterweise, erfolgreichsten<br \/>\nErfindungen der letzten 100 Jahre war!<\/p>\n<p><strong>Nicht auszumalen, wie unsere Gesellschaft drauf w\u00e4re,<\/strong><br \/>\n<strong> wenn es keine Verpackung g\u00e4be!<\/strong><br \/>\nWir leben in der Tat in einer Verpackungsgesellschaft,<br \/>\nauch wenn wir damit unserer Umwelt ruinieren.<br \/>\nDoch noch ist es nicht ganz soweit!<\/p>\n<p>\u00dcbrigens Unternehmensverpackung ist v\u00f6llig klimaneutral,belastet nicht die Umwelt und schont die Augen!<br \/>\n(Nichts tut mehr weh als ein schlechtes Firmenlogo,<br \/>\naus der Sicht eines Unternehmens betrachtet)!<\/p>\n<p>Zeit genug, da mitzumachen und auch \u00fcber die Verpackung<br \/>\nIhres Unternehmens nachzudenken.<br \/>\n<strong>Denn auch Ihre Firma sollte gut aussehen!<\/strong><br \/>\nIhre Firma hat auch eine Botschaft zu transportieren!<br \/>\nIhre\u00a0 Zielgruppe m\u00f6chte sich auch mit Ihrer Unternehmensverpackung<br \/>\nidentifizieren k\u00f6nnen.<\/p>\n<p>An Ideen und Inspiration fehlt es nicht,<br \/>\njetzt muss das neue Design nur noch geformt werden!<\/p>\n<p>Jedes Unternehmen hat sein typisches Erscheinungsbild,<br \/>\ndas sich durch Jahre oder gar Jahrzehnte gebildet, gepr\u00e4gt und zu einem<br \/>\nmeist unverwechselbaren Gesamtes geformt hat.<br \/>\n&#8211; Besitzen Sie ein altes, \u00fcnberholtes Logo?, dann denken Sie \u00fcber ein refit nach!<br \/>\n&#8211; Ist Ihr Logo altbacken oder unattraktiv? Weg damit! Was neues muss her!<br \/>\n<strong>Nichts \u00fcberzeugt von mehr Inkompetenz als ein schlechtes Logo!<\/strong><\/p>\n<p>Ein gestaltetes Logo k\u00f6nnen Sie wie ein Bildnis betrachten, das, auch wenn<br \/>\nes in die Jahre gekommen ist, nicht von einem Tag auf den n\u00e4chsten<br \/>\nauf ein g\u00e4nzlich neues ver\u00e4ndern werden sollte. Besser sei ein refit anzustreben!!<br \/>\nBei einem v\u00f6llig neuem Logo w\u00e4re das bisher so m\u00fchsam erarbeitete Bildnis<br \/>\nIhres Unternehmen ein v\u00f6llig neues und anderes.\u00a0 Ist das gew\u00fcnscht?<\/p>\n<p>Das Bildnis Ihres Unternehmens nennen wir CI (Corporate Image),<br \/>\nda Ihr Unternehmen als Gesamtes diverse Facetten hat,<br \/>\ndie weit \u00fcber den reinen optischen Eindruck hinaus gehen.<\/p>\n<p>Sie k\u00f6nnen behutsam mittel- und langfristige Korrekturen vornehmen,<br \/>\nwelche dem Bildnis und dem Image Ihres Unternehmens nicht schaden,<br \/>\nsondern n\u00fctzlich sind.<br \/>\nDies nennen wir Imagewerbung und dies pr\u00e4gt das CI.<br \/>\nDiese Prozedur ist langfristig ausgerichtet,<br \/>\nbesteht aus diversen Marketing-CI-Ma\u00dfnahmen die im Konzept<br \/>\nvorab als Script erarbeitet zusammengetragen werden.<br \/>\nDen Zeitplan zur Umsetzung w\u00fcrden wir von 12 bis 36 Monaten beziffern.<\/p>\n<p>Das Thema CD (Corporate Design), also die Ver\u00e4nderung der \u00e4u\u00dferen Verpackung<br \/>\ndes Unternehmens, ist der optische Teilbereich des CI, und ist<br \/>\neine wirkungsvolle Ma\u00dfnahme, wenn das Unternehmensbild<br \/>\noptisch neu ausgerichtet (neu verpackt) werden soll.<br \/>\nZeitbedarf ca. 1 bis 3 Monate, je nach Umfang.<\/p>\n<p><strong>Investieren Sie in eine neue Unternehmensverpackung, haben Sie auch die<\/strong><br \/>\n<strong>M\u00f6glichkeit das Image Ihres Unternehmens neu aufzupolieren!<\/strong><\/p>\n<p>Dann schlagen Sie 2 Fliegen mit einer Klappe.<\/p>\n<p>Wie das geht?<\/p>\n<p><strong>Das zeigen wir Ihnen!<\/strong><\/p>\n","protected":false},"excerpt":{"rendered":"<p>Die Zeiten \u00e4ndern sich. Jetzt Ihre Unternehmensverpackung wirkungsvoll anpassen! Infos zum Thema CI (corporate image) und CD (corporate design). \u00dcber [&hellip;]<\/p>\n","protected":false},"author":1,"featured_media":0,"parent":0,"menu_order":0,"comment_status":"closed","ping_status":"closed","template":"","meta":{"footnotes":"","_links_to":"","_links_to_target":""},"class_list":["post-5829","page","type-page","status-publish","hentry","no-featured-image"],"_links":{"self":[{"href":"https:\/\/langwost.de\/index.php?rest_route=\/wp\/v2\/pages\/5829"}],"collection":[{"href":"https:\/\/langwost.de\/index.php?rest_route=\/wp\/v2\/pages"}],"about":[{"href":"https:\/\/langwost.de\/index.php?rest_route=\/wp\/v2\/types\/page"}],"author":[{"embeddable":true,"href":"https:\/\/langwost.de\/index.php?rest_route=\/wp\/v2\/users\/1"}],"replies":[{"embeddable":true,"href":"https:\/\/langwost.de\/index.php?rest_route=%2Fwp%2Fv2%2Fcomments&post=5829"}],"version-history":[{"count":12,"href":"https:\/\/langwost.de\/index.php?rest_route=\/wp\/v2\/pages\/5829\/revisions"}],"predecessor-version":[{"id":6730,"href":"https:\/\/langwost.de\/index.php?rest_route=\/wp\/v2\/pages\/5829\/revisions\/6730"}],"wp:attachment":[{"href":"https:\/\/langwost.de\/index.php?rest_route=%2Fwp%2Fv2%2Fmedia&parent=5829"}],"curies":[{"name":"wp","href":"https:\/\/api.w.org\/{rel}","templated":true}]}}