{"id":5831,"date":"2015-06-22T15:25:15","date_gmt":"2015-06-22T13:25:15","guid":{"rendered":"http:\/\/langwost.de\/?page_id=5831"},"modified":"2016-11-10T11:12:24","modified_gmt":"2016-11-10T10:12:24","slug":"s5-wie-sie-online-erfolgreich-sind","status":"publish","type":"page","link":"https:\/\/langwost.de\/?page_id=5831","title":{"rendered":"S5 &#8211; Wie Sie online erfolgreich sind."},"content":{"rendered":"<p><b>Wir zeigen Ihnen wie Sie online erfolgreicher sind!<br \/>\n<\/b>94% aller webseiten sind ausschliesslich bunt und verkaufen nichts!<br \/>\nIst das nicht katastrophal?,<br \/>\nwelch Potential dort nicht abgesch\u00f6pft wird! Welch einen Verschwendung!<\/p>\n<p>Die meisten Betreiber von webseiten vergessen v\u00f6llig,<br \/>\ndas der Betrachter\/Besucher von webseiten eigentlich eine Kaufhandlung<br \/>\ndurchf\u00fchren m\u00f6chte.<br \/>\nNahezu jeder, der online im web surft, ist auf der Suche nach irgend etwas!<\/p>\n<p>Jetzt werden Sie argumentieren, und denken,<br \/>\n&#8222;vielleicht m\u00f6chte er sich nur informieren&#8220;.<\/p>\n<p>Nat\u00fcrlich will der User das! Nat\u00fcrlich will er sich informieren!<br \/>\n\u00dcber eine Leistung, die er sich sp\u00e4ter dann kaufen m\u00f6chte!<br \/>\nMit Ausnahme von reinen Nachrichten-Magazinseiten,<br \/>\ndie sind auch sch\u00f6n bunt, die werden vermutlich kein Produkt anbieten,<br \/>\n\u2026aber die verkaufen Ihnen zumindestens einen Meinung oder eine<br \/>\nStellungsnahme zum jeweiligen Nachrichten-Thema.<br \/>\nUnd das ebenso erfolgreich, denn viele die sich Nachrichten anschauen,<br \/>\nglauben das, was einem dort erz\u00e4hlt wird. (Manches ist ja auch ok).<\/p>\n<p><strong>Dennoch ist Informationsaufnahme ja schliesslich auch eine Handlung,<\/strong><br \/>\n<strong> auch wenn dort nicht direkt bezahlt bzw. etwas gekauft wird.<\/strong><\/p>\n<p>Wenn es also im Internet wenigstenfalls um Informationsaufnahme<br \/>\nund mindestens um Vorbereitung zum Kauf geht,<br \/>\nwarum sollten Sie dann nicht auch dort, ohne um den heissen Brei zu reden,<br \/>\ndirekt Ihre Leistungen zur Kaufhandlung unverbl\u00fcmt anbieten?<br \/>\nWas spricht dagegen?<\/p>\n<p>Genau das tun die Mega-erfolgreichen-Online-Seiten!<br \/>\nAmazon, Ebay, Mobile.de, die Reiseportale, die Autovermieter,<br \/>\ndie x-hunderte oder y-tausende Versandh\u00e4user, \u00a0alle die Rang und Namen haben<br \/>\nbieten Leistungen direkt mit Preis und Bestellm\u00f6glichkeit an!<\/p>\n<p>Vor 20 Jahren kannte keine Socke diese Firmen, mittlerweile sind es Weltkonzerne,<br \/>\ndie \u00e4usserst professionell agieren!<\/p>\n<p>Jetzt wird es Zeit das SIE reagieren! Zeit das SIE den Schalter umlegen und sich<br \/>\nvom dicken fetten Online-Kuchen ein St\u00fcck abschneiden!<\/p>\n<p><strong>Der Zug ist noch nicht abgefahren, aber etwas Gas geben sollten Sie schon!<\/strong><br \/>\nAuf ins Internet, &#8211; dem Zukunftsmarkt.<br \/>\nSchalten Sie Ihren Verkaufsmodus ein! Macht es bei Ihnen Klick?<br \/>\nPositionieren Sie Ihre Artikel und Leistungen online!<br \/>\n<strong>Wir zeigen Ihnen wie das geht!<\/strong><\/p>\n","protected":false},"excerpt":{"rendered":"<p>Wir zeigen Ihnen wie Sie online erfolgreicher sind! 94% aller webseiten sind ausschliesslich bunt und verkaufen nichts! Ist das nicht [&hellip;]<\/p>\n","protected":false},"author":1,"featured_media":0,"parent":0,"menu_order":0,"comment_status":"closed","ping_status":"closed","template":"","meta":{"footnotes":"","_links_to":"","_links_to_target":""},"class_list":["post-5831","page","type-page","status-publish","hentry","no-featured-image"],"_links":{"self":[{"href":"https:\/\/langwost.de\/index.php?rest_route=\/wp\/v2\/pages\/5831"}],"collection":[{"href":"https:\/\/langwost.de\/index.php?rest_route=\/wp\/v2\/pages"}],"about":[{"href":"https:\/\/langwost.de\/index.php?rest_route=\/wp\/v2\/types\/page"}],"author":[{"embeddable":true,"href":"https:\/\/langwost.de\/index.php?rest_route=\/wp\/v2\/users\/1"}],"replies":[{"embeddable":true,"href":"https:\/\/langwost.de\/index.php?rest_route=%2Fwp%2Fv2%2Fcomments&post=5831"}],"version-history":[{"count":10,"href":"https:\/\/langwost.de\/index.php?rest_route=\/wp\/v2\/pages\/5831\/revisions"}],"predecessor-version":[{"id":6736,"href":"https:\/\/langwost.de\/index.php?rest_route=\/wp\/v2\/pages\/5831\/revisions\/6736"}],"wp:attachment":[{"href":"https:\/\/langwost.de\/index.php?rest_route=%2Fwp%2Fv2%2Fmedia&parent=5831"}],"curies":[{"name":"wp","href":"https:\/\/api.w.org\/{rel}","templated":true}]}}