{"id":5835,"date":"2015-06-22T15:26:30","date_gmt":"2015-06-22T13:26:30","guid":{"rendered":"http:\/\/langwost.de\/?page_id=5835"},"modified":"2016-11-10T12:35:27","modified_gmt":"2016-11-10T11:35:27","slug":"s7-werte-schaffen-mit-einem-klick","status":"publish","type":"page","link":"https:\/\/langwost.de\/?page_id=5835","title":{"rendered":"S7 &#8211; Werte schaffen mit einem Klick."},"content":{"rendered":"<p><b>Werte schaffen mit geringen Aufwand! Ein Klick zum Trick.<br \/>\n<\/b>F\u00fcr die meisten Unternehmer ist ihr Unternehmen<br \/>\ndas wertvollste Gut (rein finanziell gesehen) das den Unterhalt und die Zukunft<br \/>\nder eigenen Person und vieler Gehilfen sichern soll.<\/p>\n<p>Im Idealfall profitieren sogar noch weitere Generationen davon.<br \/>\nUnternehmen haben nicht nur die rein finanziellen Werte,<br \/>\nauch die idellen Werte die Sie selber beeinflussen k\u00f6nnen,<br \/>\nsowie die Werte der Marke\/des Namens an sich, die Sie erhalten m\u00fcssen<br \/>\nund steigern sollten!<\/p>\n<p>Die Marke, der Name und das Image sind neben dem Produkt und Ihrer<br \/>\nDienstleitung mit die wichtigsten Stands\u00e4ulen Ihrer Unternehmung.<\/p>\n<p>Nun liegt es an Ihnen, wie Sie die Stands\u00e4ulen noch solider und stabiler festigen,<br \/>\num auch f\u00fcr die Zukunft, wo ja sowieso alles schwerer wird, gut ger\u00fcstet zu sein.<\/p>\n<p><strong>Wir operieren und formen Unternehmungen zu starken Marken,<\/strong><br \/>\n<strong> die einpr\u00e4gsam mit bew\u00e4hrten Tipps und Tricks Wertsch\u00f6pfung erfahren.<\/strong><\/p>\n<p>Sei es neue Netzwerkstrukturen im Internet zur Auftragsakquise aufbauen,<br \/>\ndas Ausnutzen von SocialMedia damit Ihr Unternehmen bei facebook, twitter,<br \/>\nlinkedin und co. und allen wichtigen Portalen integriert ist,<br \/>\noder die Optimierung des Corporte Design und<br \/>\ndie finale CI (Corporate Image)-Steigerung, damit Sie sich sehen lassen k\u00f6nnen,<br \/>\n&#8211; alle Ma\u00dfnahmen greifen ineinander und werden in ein ganzheitliche,<br \/>\nzukunftsoriente Strategie zusammengefasst.<\/p>\n<p>Am Anfang steht die Kontaktaufnahme und Analyse der Ist-Situation<br \/>\nmit gemeinsamer Zielsetzung, \u2026 und genau dort fangen wir an!<\/p>\n<p>Ihr Klick hier <a title=\"Werterhalt mit Marketing. Wir zeigen wie es geht! Der Klick zum Trick!\" href=\"mailto:info@langwost.de\"><strong>auf den mailbutton<\/strong><\/a><br \/>\nKontaktdaten mailen, Anfrage starten!<br \/>\nEin kleiner Klick, ein geringer Aufwand,<br \/>\nder den Wert Ihres Unternehmens,<br \/>\nmit anschliessenden Ma\u00dfnahmen, nachhaltig steigern wird.<\/p>\n","protected":false},"excerpt":{"rendered":"<p>Werte schaffen mit geringen Aufwand! Ein Klick zum Trick. F\u00fcr die meisten Unternehmer ist ihr Unternehmen das wertvollste Gut (rein [&hellip;]<\/p>\n","protected":false},"author":1,"featured_media":0,"parent":0,"menu_order":0,"comment_status":"closed","ping_status":"closed","template":"","meta":{"footnotes":"","_links_to":"","_links_to_target":""},"class_list":["post-5835","page","type-page","status-publish","hentry","no-featured-image"],"_links":{"self":[{"href":"https:\/\/langwost.de\/index.php?rest_route=\/wp\/v2\/pages\/5835"}],"collection":[{"href":"https:\/\/langwost.de\/index.php?rest_route=\/wp\/v2\/pages"}],"about":[{"href":"https:\/\/langwost.de\/index.php?rest_route=\/wp\/v2\/types\/page"}],"author":[{"embeddable":true,"href":"https:\/\/langwost.de\/index.php?rest_route=\/wp\/v2\/users\/1"}],"replies":[{"embeddable":true,"href":"https:\/\/langwost.de\/index.php?rest_route=%2Fwp%2Fv2%2Fcomments&post=5835"}],"version-history":[{"count":12,"href":"https:\/\/langwost.de\/index.php?rest_route=\/wp\/v2\/pages\/5835\/revisions"}],"predecessor-version":[{"id":6763,"href":"https:\/\/langwost.de\/index.php?rest_route=\/wp\/v2\/pages\/5835\/revisions\/6763"}],"wp:attachment":[{"href":"https:\/\/langwost.de\/index.php?rest_route=%2Fwp%2Fv2%2Fmedia&parent=5835"}],"curies":[{"name":"wp","href":"https:\/\/api.w.org\/{rel}","templated":true}]}}