{"id":5850,"date":"2015-06-22T15:35:55","date_gmt":"2015-06-22T13:35:55","guid":{"rendered":"http:\/\/langwost.de\/?page_id=5850"},"modified":"2016-11-10T14:25:44","modified_gmt":"2016-11-10T13:25:44","slug":"s11-keine-angst-vor-mehr-know-how","status":"publish","type":"page","link":"https:\/\/langwost.de\/?page_id=5850","title":{"rendered":"S11 &#8211; Keine Angst vor mehr know how."},"content":{"rendered":"<p><b>Keine Angst vor mehr know how!<br \/>\nDie Divisionen zeigen es Ihnen.<br \/>\n<\/b>Wer \u201eam Ball bleiben will &#8211; darf niemals auslernen!\u201c<br \/>\nDie letzten 20 Jahre haben uns massiv gezeigt,<br \/>\ndas es immer noch ne Menge zu lernen gibt.<\/p>\n<p>Was m\u00fcssen wir mittlerweile alles f\u00fcr Programme bedienen k\u00f6nnen,<br \/>\n&#8211; den Browser zum surfen,<br \/>\n&#8211; den Explorer zur Dateiablage,<br \/>\n&#8211; vom Desktop, dem Backend und dem google analytics.<br \/>\nDinge, die vor 20 Jahren nach einer Sprache der Ausseridrischen klangen,<br \/>\nvon denen wir vorher nichts gewusst haben,<br \/>\ngeh\u00f6ren nun zu unserem t\u00e4glich Brot dazu.<\/p>\n<p><strong>Sind wir am Ende des lernen? Nein, never! Es wird nicht aufh\u00f6ren, niemals!<\/strong><\/p>\n<p>Es sei denn, Sie gehen fr\u00fchzeitig in Rente, machen alle Schauklappen auf zu,<br \/>\nschalten den Empfang der Aussenwelt total ab, das klappt nicht!<\/p>\n<p><strong>Lernen wird nunmehr fortgesetzt bis ins hohe Alter,<\/strong><br \/>\n<strong> denn ohne Besch\u00e4ftigung wird\u2019s sowieso zu langweilig!<\/strong><\/p>\n<p>Kurzum, wir bieten Ihnen mit den vorbereiteten Divisionen und<br \/>\nUnternehmensberatungen schon jetzt das weitere know how,<br \/>\nnicht zur Besch\u00e4ftigung und Vertreib der Langenweile,<br \/>\nsondern als ausgerichtete Marktstrategien und in vorbereiteten<br \/>\nUnternehmenskonzepten, die wir in dosierten Mengen,<br \/>\nteils mit Lizenz und dazugeh\u00f6riger Schulung, an Sie abgeben.<\/p>\n<p>Sei es zum Vertrieb oder zur Unternehmensgr\u00fcndung im Marketingbereich,<br \/>\nwo wir sehr interessante Gesch\u00e4ftsmodelle f\u00fcr<br \/>\ndie eigenst\u00e4ndige Vermarktung anbieten,<br \/>\noder<br \/>\nseien es individualisiere Unternehmensberatungen und Netzwerksstrategien,<br \/>\ndie Ihnen zus\u00e4tzliches know how und daraus resultierenden Erfolg vermitteln.<\/p>\n<p>Final sollten Sie keine Angst vor neuen Dingen und Spass am lernen haben,<br \/>\ndenn es erwartet Sie viel Neues!, und genau das haben wir zum Erforschen,<br \/>\nzum Nutzen und zum profitorientierten Vermarkten aufbereitet.<br \/>\nMehr als 12 interessante Divisionen, f\u00fcr Ihre Vermarktung,<br \/>\nf\u00fcr Ihren Vertrieb!<\/p>\n","protected":false},"excerpt":{"rendered":"<p>Keine Angst vor mehr know how! Die Divisionen zeigen es Ihnen. Wer \u201eam Ball bleiben will &#8211; darf niemals auslernen!\u201c [&hellip;]<\/p>\n","protected":false},"author":1,"featured_media":0,"parent":0,"menu_order":0,"comment_status":"closed","ping_status":"closed","template":"","meta":{"footnotes":"","_links_to":"","_links_to_target":""},"class_list":["post-5850","page","type-page","status-publish","hentry","no-featured-image"],"_links":{"self":[{"href":"https:\/\/langwost.de\/index.php?rest_route=\/wp\/v2\/pages\/5850"}],"collection":[{"href":"https:\/\/langwost.de\/index.php?rest_route=\/wp\/v2\/pages"}],"about":[{"href":"https:\/\/langwost.de\/index.php?rest_route=\/wp\/v2\/types\/page"}],"author":[{"embeddable":true,"href":"https:\/\/langwost.de\/index.php?rest_route=\/wp\/v2\/users\/1"}],"replies":[{"embeddable":true,"href":"https:\/\/langwost.de\/index.php?rest_route=%2Fwp%2Fv2%2Fcomments&post=5850"}],"version-history":[{"count":6,"href":"https:\/\/langwost.de\/index.php?rest_route=\/wp\/v2\/pages\/5850\/revisions"}],"predecessor-version":[{"id":6780,"href":"https:\/\/langwost.de\/index.php?rest_route=\/wp\/v2\/pages\/5850\/revisions\/6780"}],"wp:attachment":[{"href":"https:\/\/langwost.de\/index.php?rest_route=%2Fwp%2Fv2%2Fmedia&parent=5850"}],"curies":[{"name":"wp","href":"https:\/\/api.w.org\/{rel}","templated":true}]}}