{"id":5852,"date":"2015-06-22T15:39:18","date_gmt":"2015-06-22T13:39:18","guid":{"rendered":"http:\/\/langwost.de\/?page_id=5852"},"modified":"2016-11-10T14:46:04","modified_gmt":"2016-11-10T13:46:04","slug":"s12-perspektiven-schaffen-neue-horizonte","status":"publish","type":"page","link":"https:\/\/langwost.de\/?page_id=5852","title":{"rendered":"S12 &#8211;  Perspektiven schaffen neue Horizonte!"},"content":{"rendered":"<p><b>Ihren Erfolg erg\u00e4nzen, mit neue Divisionen, kurzen Schulungen,<br \/>\npassenden Lizenzen.<br \/>\n<\/b>In den vergangen Jahren wurden f\u00fcr erfahren Werbe- und Marketingfirmen sowie<br \/>\nf\u00fcr Jungunternehmer diverse Divisionen entwickelt, die interessante Perspektiven<br \/>\nf\u00fcr den Vertrieb mit v\u00f6llig neuen Horizonten aufzeigen.<\/p>\n<p>Sie sind newcomer oder Vollprofi und suchen nach einer oder meheren<br \/>\npfiffigen Gesch\u00e4ftsideen um Ihr Leistungsspektrum zu erg\u00e4nzen und<br \/>\nzu erweiteren? Dann sind Sie auf dieser webseite genau richtig!<\/p>\n<p><strong>Hier werden Ihnen Divisionen vorgestellt, die Ihr knowhow unterst\u00fctzen,<\/strong><br \/>\n<strong>die online f\u00fcr Sie in fertigen Webseiten zusammen gestellt wurden, <\/strong><br \/>\n<strong>so das Sie diese als Vertriebs- und Verkaufswerkzeug<\/strong><br \/>\n<strong>sofort einsatzfertig nutzen k\u00f6nnen! :<\/strong><\/p>\n<p><strong><a title=\"Der Online-Shop f\u00fcr den Werbeprofi - g\u00fcnstig + gut!\" href=\"https:\/\/www.a-zdruck.de\/\" target=\"_blank\">a-zdruck.de<\/a><\/strong>\u00a0ist ein online-Shop f\u00fcr Qualit\u00e4ts-Drucksachen und Werbemittel<br \/>\njeder Art. Ideal f\u00fcr Wiederverk\u00e4ufer und Agenturen.<br \/>\n<strong><a title=\"Besondere Promotionideen mit Personal und Action.\" href=\"https:\/\/www.actionpromotion.de\/\" target=\"_blank\">actionpromotion.de<\/a><\/strong>\u00a0bietet komplette Promotionpakete zur Umsatz- und Bekanntheitsgradsteigerung. Fertige Action-Promotionkonzepte.<br \/>\n<strong><a title=\"Bauschilder schnell und g\u00fcnstig mieten.\" href=\"https:\/\/www.bauschild-miete.de\/\" target=\"_blank\">bauschild-miete.de<\/a>\u00a0<\/strong>\u00a0 \u00fcbersichtliche Darstellung von \u00fcber 100 Bauschildmodellen<br \/>\nin allen Gr\u00f6\u00dfen und Formaten. Bundesweite Montage sowie Bauschildversand.<br \/>\n<strong><a title=\"Business-Textilien f\u00fcr Handwerk, Handel, Freizeit und Beruf.\" href=\"https:\/\/www.busitex.de\/\" target=\"_blank\">busitex.de<\/a>\u00a0<\/strong>ist ein Online-Shop f\u00fcr Textilien, Berufsbekleidung, Freizeit- und<br \/>\nSportkleidung komplett incl. Textilbedruckung. Alles aus einer Hand.<br \/>\n<strong><a title=\"Das freistehende Schildsystem.\" href=\"https:\/\/www.citmax.de\/\" target=\"_blank\">citmax.de<\/a>\u00a0<\/strong> bietet alle werbetechnischen Leistungen \u00fcbersichtlich im Online-Shop<br \/>\nan und ist das ideale Portal f\u00fcr Wiederverk\u00e4ufer, Eink\u00e4ufer und Supporter.<br \/>\n<strong><a title=\"Bundesweit verteilen wir Ihre Direktwerbung.\" href=\"https:\/\/www.handzettel-verteiler.de\/\" target=\"_blank\">handzettel-verteiler.de<\/a><\/strong>\u00a0\u00a0bietet bundesweit Verteildienstleistungen aller Art an.<br \/>\nAn alle Haushalte oder Direktverteilung\u00a0bei Promotionaktionen.<br \/>\n<strong><a title=\"Profi-Personal f\u00fcr den Bereich Werbung + Marketing.\" href=\"https:\/\/www.ihrewerbeabteilung.de\/\" target=\"_blank\">ihrewerbeabteilung.de<\/a><\/strong>\u00a0\u00a0bietet Werbe-knowhow genau dann, wenn Sie es<br \/>\nben\u00f6tigen. Hier finden Sie 11 qualifizierte Profi-Mitarbeiter-Profile.<br \/>\n<strong><a title=\"Das riesige modulare Werbewandsystem.\" href=\"https:\/\/www.maxiwall.de\/\" target=\"_blank\">maxiwall.de<\/a><\/strong>\u00a0\u00a0 ist die gr\u00f6\u00dfte, freistehende Gro\u00dffl\u00e4chenmotivwand. Modular,<br \/>\nin den Breiten 6.0m, 12.0m, 18.0m und 24.0m \u2013 bis zu H20,8m H\u00f6he.<br \/>\n<strong><a title=\"Wer maxitruss sucht findet es bei www.maxiwall.de\" href=\"https:\/\/www.maxiwall.de\/\" target=\"_blank\">maxitruss.de<\/a>\u00a0<\/strong>das Werbewand-System aus Eurotruss ist ebenso modular + flexibel<br \/>\nund\u00a0ideal f\u00fcr kurzfristige Promotionaktionen. Alles leicht aufzubauen!<br \/>\n<strong><a title=\"Design, Werbung und Marketing f\u00fcr Arztpraxen.\" href=\"https:\/\/www.praxispromotion.de\/\" target=\"_blank\">praxispromotion.de<\/a>\u00a0<\/strong>\u00a0 Fachkompetenz, Werbung, Design und Creativit\u00e4t.<br \/>\nHier werden visuelle Arzt-Praxen-Erscheinungsbilder realisiert.<br \/>\n<a title=\"Ihr direkter Klick zu allen Pylon-Varianten.\" href=\"https:\/\/www.pylone24.de\" target=\"_blank\"><strong>pylone24.de<\/strong><\/a>\u00a0\u00a0ist Deutschlands gro\u00dfes Online-Portal mit \u00fcber 600 vorkalkulierten<br \/>\nPylonvarianten. \u00dcbersichtlich, gut erkl\u00e4rt, \u2013 alle Pylonsysteme auf einen Blick.<br \/>\n<strong><a title=\"Der Online-Dienstleister f\u00fcr virtuelles Verkaufen.\" href=\"https:\/\/www.redax24.de\/\" target=\"_blank\">redax24.de<\/a><\/strong>\u00a0 NewMarketing und Strukturaufbau im Internet.<br \/>\nVon der pflegeleichten CMS-webseite bis zum modernen Design-Template.<br \/>\n<strong><a title=\"Werbeanh\u00e4nger-Promotion-Aktionen.\" href=\"https:\/\/www.rent-me24.de\" target=\"_blank\">rent-me24.de<\/a><\/strong> ist die Fachmarke f\u00fcr hochwertige Werbeanh\u00e4nger mit<br \/>\nMehrfachnutzen. 6 Standardgr\u00f6\u00dfen vom Rolly bis zum RentMe-Big.<br \/>\n<strong><a title=\"Das gro\u00dfe Werbeanh\u00e4nger-Info Portal.\" href=\"https:\/\/www.werbeanhaenger.com\/\" target=\"_blank\">werbeanhaenger.com<\/a><\/strong>\u00a0\u00a0 ist das informative Werbeanh\u00e4nger-Vermietungsportal mit<br \/>\nInfos, Tipps und allen Varianten und Dienstleistungen von und mit Werbeanh\u00e4ngern.<br \/>\n<strong><a title=\"Deutschlands gro\u00dfes Werbemast-Info-Portal.\" href=\"https:\/\/www.werbeturm24.de\/\" target=\"_blank\">werbeturm24.de<\/a><\/strong>\u00a0\u00a0ist Deutschlands gro\u00dfes Infoportal f\u00fcr Werbemasten von<br \/>\n7,5 bis 50,0m. Marktf\u00fchrer mit \u00fcber 4.000 vorkalkulierten\u00a0Mastvarianten.<\/p>\n<p><strong>Doch wie nutzt man diese Divisionsseiten richtig?<\/strong><br \/>\nEinfach nur anklicken und nicht richtig durchblicken ist zu wenig,<br \/>\num damit erfolgreich zu sein.<br \/>\nWas wirklich Sinn gibt, ist eine Verkaufsschulung oder eine Handhabungserkl\u00e4rung<br \/>\ndamit Sie die vorbereitetenden Divisionen schnell und wirkungsvoll einsetzen k\u00f6nnen.<\/p>\n<p><strong>Entdecken Sie die neuen Perspektiven, schaffen Sie sich einen neuen Horizont.<\/strong><br \/>\nKeiner will nochmal die Schulbank dr\u00fccken, das erwarten wir auch nicht von Ihnen!<\/p>\n<p>Aber, je mehr Sie sich mit den Divisionsseiten auseinandersetzen<br \/>\ndesto erfolgreicher werden Sie damit am Markt agieren.<br \/>\nWir zeigen in absolut \u00fcberzeugenden praxisnahen Schulungen<br \/>\nwie Sie schnell, professionell und einfach Ihren Vertrieb aktivieren und<br \/>\nzus\u00e4tzlichen aus Ihren Bestandskunden und aus den heran<br \/>\nnahenden Neuprojekten Profit herausholen werden!<\/p>\n<p><strong>Alle unsere Vertriebs- und Verkaufswerkzeuge sind online, <\/strong><br \/>\n<strong>zukunftsorientiert ausgerichtet, denn der eigentliche Verkauf findet zuk\u00fcnftig<\/strong><br \/>\n<strong>sowieso online statt.<\/strong><\/p>\n","protected":false},"excerpt":{"rendered":"<p>Ihren Erfolg erg\u00e4nzen, mit neue Divisionen, kurzen Schulungen, passenden Lizenzen. In den vergangen Jahren wurden f\u00fcr erfahren Werbe- und Marketingfirmen [&hellip;]<\/p>\n","protected":false},"author":1,"featured_media":0,"parent":0,"menu_order":0,"comment_status":"closed","ping_status":"closed","template":"","meta":{"footnotes":"","_links_to":"","_links_to_target":""},"class_list":["post-5852","page","type-page","status-publish","hentry","no-featured-image"],"_links":{"self":[{"href":"https:\/\/langwost.de\/index.php?rest_route=\/wp\/v2\/pages\/5852"}],"collection":[{"href":"https:\/\/langwost.de\/index.php?rest_route=\/wp\/v2\/pages"}],"about":[{"href":"https:\/\/langwost.de\/index.php?rest_route=\/wp\/v2\/types\/page"}],"author":[{"embeddable":true,"href":"https:\/\/langwost.de\/index.php?rest_route=\/wp\/v2\/users\/1"}],"replies":[{"embeddable":true,"href":"https:\/\/langwost.de\/index.php?rest_route=%2Fwp%2Fv2%2Fcomments&post=5852"}],"version-history":[{"count":12,"href":"https:\/\/langwost.de\/index.php?rest_route=\/wp\/v2\/pages\/5852\/revisions"}],"predecessor-version":[{"id":6789,"href":"https:\/\/langwost.de\/index.php?rest_route=\/wp\/v2\/pages\/5852\/revisions\/6789"}],"wp:attachment":[{"href":"https:\/\/langwost.de\/index.php?rest_route=%2Fwp%2Fv2%2Fmedia&parent=5852"}],"curies":[{"name":"wp","href":"https:\/\/api.w.org\/{rel}","templated":true}]}}