{"id":5856,"date":"2015-06-22T15:48:52","date_gmt":"2015-06-22T13:48:52","guid":{"rendered":"http:\/\/langwost.de\/?page_id=5856"},"modified":"2016-11-10T15:23:45","modified_gmt":"2016-11-10T14:23:45","slug":"s14-business-erfolge-mit-werbetechnik","status":"publish","type":"page","link":"https:\/\/langwost.de\/?page_id=5856","title":{"rendered":"S14 &#8211; Business-Erfolge mit Werbetechnik."},"content":{"rendered":"<p><b>Business- Erfolge mit konzeptioneller Werbetechnik.<br \/>\n(z.B. Division <a title=\"Der Klick zur Musterdivision.\" href=\"https:\/\/www.citmax.de\" target=\"_blank\">www.citmax.de<\/a>)<br \/>\n<\/b>Die Informationsbesorgung ist heute schon mit google und co<br \/>\nrelativ einfach geworden.<br \/>\nDoch was ist mit speziellen Leistungen?<br \/>\nDie einfach zu komplex sind und stets individualisiert werden m\u00fcssen?<br \/>\nDann wird\u2019s schon schwierig! Da bietet das Internet kaum L\u00f6sungen an.<\/p>\n<p>Das kostet Zeit zum recherchieren, denn das Zusammenstellen von<br \/>\nunterschiedlichsten Leistungen, zumal auch Fremdleistungen,<br \/>\ndie der Kunde abfragt und in einem Konzept\u00a0 ausgearbeitet erwartet,<br \/>\nist zeitaufwendig und somit teuer,<br \/>\nkann bis zur Angebotsformung nervenaufreibend sein!<\/p>\n<p>Damit ist es jetzt Schluss f\u00fcr den Bereich Werbetechnik! Aus und vorbei!<br \/>\nJetzt gibt es zahlreiche Divisionen, deren Leistung Sie sehr einfach vermitteln<br \/>\nund verkaufen k\u00f6nnen und nach Wunsch zus\u00e4tzlich mit Ihren eigenen<br \/>\nspeziellen know how anreichern und Ihrem Kunden als Gesamtkonzept<br \/>\nanbieten k\u00f6nnen. \u00a0Zudem profitieren Sie noch davon!<\/p>\n<p><strong>Ihre spezielle Beratungs- oder Marketingleistungen sind viel zu individuell,<\/strong><br \/>\n<strong>als das man diese allesamt in einem Shop auff\u00fchren k\u00f6nnte.<\/strong><br \/>\n<strong>Dazu erhalten Sie nun, von den vorbereiteten Divisionen,<\/strong><br \/>\n<strong>die passende Erg\u00e4nzung.<\/strong><\/p>\n<p>In den Fachbereichen Werbetechnik, Webdesign, Personal, Montage,<br \/>\nMarketing und Werbung wurde es geschafft, die unterschiedlichsten<br \/>\ntechnischen und beratendenden Leistungen zu sogenannten<br \/>\nShopartikeln zusammmen zu fassen und in Divisionen zur Verf\u00fcgung<br \/>\nzu stellen.<br \/>\nD.h., wenn Sie nun den einen oder anderen anfragenden Kunden haben,<br \/>\nder sich f\u00fcr werbetechnische Ums\u00e4tzung und deren Kosten interessiert,<br \/>\ndann k\u00f6nnen Sie mit Hilfe der Divisionen die angefragten Leistungen<br \/>\nsehr schnell und passend ausw\u00e4hlen und im Warenkorb als<br \/>\nAngebot\/Vorschau zusammenstellen und mit Ihren eigenen<br \/>\nDienstleistungen erg\u00e4nzen und als ein Gesamtpaket zu einem<br \/>\nKomplettangebot als FullService-Dienstleister verkn\u00fcpfen.<\/p>\n<p><strong>Sie \u00a0k\u00f6nnen Ihre Leistungen stets individualisieren,<\/strong><br \/>\n<strong>egal f\u00fcr welches Projekt, nahezu alle Leistungen Ihren Kunden anbieten,<\/strong><br \/>\n<strong>also genauso wie vorher, nur eben jetzt umfangreicher,<\/strong><br \/>\n<strong>denn es unterst\u00fctzen Sie die Division- Onlineseiten!<\/strong><\/p>\n<p>Dar\u00fcber hinaus entwickeln wir auch f\u00fcr v\u00f6llig fremde Firmen- und<br \/>\nArbeitsbereiche Divisionsseiten, so das auch Handwerks- oder spezifische<br \/>\nDienstleistungen als Shopartikel bestellbar werden.<br \/>\nDas bedeutet, wenn Sie eine Leistungen haben, die online f\u00fcr den Verkauf<br \/>\naufbereitet werden soll, dann sind wir der kompente Ansprechpartner<br \/>\nSie an dieses Netzwerkmodul heran zuf\u00fchren.<\/p>\n<p><strong>Wir progammieren Ihren BusinessErfolg!<\/strong><\/p>\n<p>Der Vertrieb Ihrer Leistung via Internet vereinfacht Ihre Verkaufsarbeit<br \/>\nzuk\u00fcnftig enorm und Sie k\u00f6nnen sich auf das konzentrieren was wirklich<br \/>\nwichtig ist, n\u00e4mlichen auf Ihren Auftrag und Ihre Arbeit!<\/p>\n","protected":false},"excerpt":{"rendered":"<p>Business- Erfolge mit konzeptioneller Werbetechnik. (z.B. Division www.citmax.de) Die Informationsbesorgung ist heute schon mit google und co relativ einfach geworden. [&hellip;]<\/p>\n","protected":false},"author":1,"featured_media":0,"parent":0,"menu_order":0,"comment_status":"closed","ping_status":"closed","template":"","meta":{"footnotes":"","_links_to":"","_links_to_target":""},"class_list":["post-5856","page","type-page","status-publish","hentry","no-featured-image"],"_links":{"self":[{"href":"https:\/\/langwost.de\/index.php?rest_route=\/wp\/v2\/pages\/5856"}],"collection":[{"href":"https:\/\/langwost.de\/index.php?rest_route=\/wp\/v2\/pages"}],"about":[{"href":"https:\/\/langwost.de\/index.php?rest_route=\/wp\/v2\/types\/page"}],"author":[{"embeddable":true,"href":"https:\/\/langwost.de\/index.php?rest_route=\/wp\/v2\/users\/1"}],"replies":[{"embeddable":true,"href":"https:\/\/langwost.de\/index.php?rest_route=%2Fwp%2Fv2%2Fcomments&post=5856"}],"version-history":[{"count":9,"href":"https:\/\/langwost.de\/index.php?rest_route=\/wp\/v2\/pages\/5856\/revisions"}],"predecessor-version":[{"id":6801,"href":"https:\/\/langwost.de\/index.php?rest_route=\/wp\/v2\/pages\/5856\/revisions\/6801"}],"wp:attachment":[{"href":"https:\/\/langwost.de\/index.php?rest_route=%2Fwp%2Fv2%2Fmedia&parent=5856"}],"curies":[{"name":"wp","href":"https:\/\/api.w.org\/{rel}","templated":true}]}}