{"id":5919,"date":"2015-06-22T17:39:05","date_gmt":"2015-06-22T15:39:05","guid":{"rendered":"http:\/\/langwost.de\/?page_id=5919"},"modified":"2022-02-24T08:23:47","modified_gmt":"2022-02-24T07:23:47","slug":"ueber-uns","status":"publish","type":"page","link":"https:\/\/langwost.de\/?page_id=5919","title":{"rendered":"\u00dcber uns:"},"content":{"rendered":"<article id=\"post-787\">\n<h1>Die langwost Unternehmensgruppe:<\/h1>\n<div>\n<p>Das langwost.de-Team ist eine\u00a0Division der\u00a0<strong><a title=\"Wir liefern Ideen und produzieren Ihre erfolgreiche Werbung!\" href=\"https:\/\/www.idee-produktion.de\/\" target=\"_blank\">idee-produktion.de<\/a><\/strong>\u00a0GmbH<br \/>\nund betreut seit 1984 Unternehmen in den\u00a0Fachbereichen Networking, Marketing<br \/>\nund\u00a0Kommunikation mit praxisnahen, zielgerichteten Strategien,<br \/>\nf\u00fcr\u00a0erfolgreiches Werben und Verkaufen.<br \/>\nSeit 1995 agiert die langwost-Unternehmensgruppe erfolgreich im Online-Netz und<br \/>\nrealisiert in eigenen Divisionen oder f\u00fcr Kunden u.a. Shops und Online-Marktpl\u00e4tze.<\/p>\n<p>Nachfolgend ein \u00dcberblick unserer Divisionen, Firmen,\u00a0Produktion- und<br \/>\nNetzwerkstruktur.\u00a0Vorab Infos der vergangenen 38 Jahre, seit Gr\u00fcndung der<br \/>\nlangwost.de Unternehmensgruppe.<\/p>\n<p>Der Dipl. Kommunikationswirt und\u00a0Werbetechniker Peter Langwost gr\u00fcndete\u00a0am<br \/>\n01.10.1984\u00a0 eine Kombination aus\u00a0Werbeagentur \u2013 Werbetechnik und<br \/>\nKommunikationssberatung.<br \/>\nZiel war es, ganzheitliche Werbekonzepte\u00a0zu entwicklen und zu produzieren,<br \/>\n&#8211; von der Idee\u00a0bis zur Produktion &#8211; f\u00fcr gewerbliche Unternehmungen\u00a0ganzheitliche<br \/>\nErfolgsl\u00f6sungen zu realisieren.<br \/>\nIn\u00a0den letzten Jahrzehnten wurden\u00a0 namhafte regionale und \u00fcberregionale Kunden<br \/>\ngewonnen,\u00a0die noch heute, vom entwickelten\u00a0Logodesign+Konzepten und den<br \/>\nrealisierten, werbetechnischen\u00a0Produktionsl\u00f6sungen profitieren.<br \/>\nDie Unternehmensgruppe ist u.a. im\u00a0Immobilienbereich mit diversen Bau-Projekten\u00a0aktiv,<br \/>\nbetreibt eigene Objekte mit Vermietung und Verpachtung.<br \/>\nIn den vergangenen Jahren\u00a0wurden u.a. eine Stiftung gegr\u00fcndet und\u00a0Beteiligungen<br \/>\ngekauft sowie eine AG gegr\u00fcndet.<br \/>\nDesweiteren werden stetig die wesentlichen Gesch\u00e4ftsbereiche kontinuierlich ausgebaut<br \/>\nund in der idee-produktion.de GmbH in eigenst\u00e4ndigen Divisionen gef\u00fchrt.<br \/>\nDaraus erstand die heutige\u00a0<strong><a title=\"Unternehmensgruppe - Konzeptionen f\u00fcr Erfolgsl\u00f6sungen.\" href=\"https:\/\/www.langwost.de\/\" target=\"_blank\">langwost.de Unternehmensgruppe<\/a>\u00a0<\/strong>.<\/p>\n<h1>Wer ist die idee-produktion.de GmbH?<\/h1>\n<div>\n<p>Die\u00a0<strong><a title=\"Wir liefern Ideen + produzieren Ihre erfolgreiche Werbung.\" href=\"https:\/\/www.idee-produktion.de\/\" target=\"_blank\">idee-produktion.de<\/a><\/strong>\u00a0GmbH \u00a0ist die\u00a0Produktionsfirma der<br \/>\nlangwost Unternehmensgruppe und wurde vor 35 Jahren gegr\u00fcndet<br \/>\nund hat\u00a0Ihren Sitz in Garbsen nahe Hannover.<br \/>\nSie entwickelt, produziert, liefert und\u00a0montiert technische, umfangreiche oder<br \/>\nkomplexe Werbeanlagen, die in den Divisionen und deren Onlineseiten<br \/>\numfassend angeboten werden.<\/p>\n<p>Das Unternehmen ist mittlerweile\u00a0europaweit t\u00e4tig und verkn\u00fcpft\u00a0Produktionsstandorte<br \/>\nund Zulieferbetriebe\u00a0aus Osteuropa und Asien mit dem regionalen und<br \/>\n\u00fcberregionalen Markt und\u00a0bietet ganzheitliche Erfolgsl\u00f6sungen an.<\/p>\n<p>Kunden und Interessenten kommen aus ganz Europa wie Filialengruppen,<br \/>\nHandelsunternehmen, Agenturen,\u00a0Handwerk-, Industrie- und\u00a0Dienstleistungsunternehmen, die\u00a0konzeptionelle als auch ganzheitliche, werbetechnische L\u00f6sungen suchen.<\/p>\n<p>Seit 2018 wird zus\u00e4tzlich das Online-Netzwerk <strong><a href=\"http:\/\/www.suche-profi.de\" target=\"_blank\">www.suche-profi.de<\/a> <\/strong>entwickelt,<br \/>\ndas ab 2023 einen Profi-Marktplatz zur Verf\u00fcgung stellt.<br \/>\nEs werden Innovationen f\u00fcr die Werbebranche entwickelt, die dem wiederverkaufenden<br \/>\nKollegen und dem Endkunden beim Werben und Verkaufen unterst\u00fctzen und f\u00fcr den<br \/>\nDirektvertrieb in Online-Shops zur Verf\u00fcgung gestellt werden.<\/p>\n<p>Insgesamt wurden bis heute 12 Divisions-\u00a0Marken realisiert, die zu eigenst\u00e4ndigen<br \/>\nGesch\u00e4ftsmodellen gef\u00fchrt werden.<\/p>\n<h1>Divisionen ab 2022\/2023:<\/h1>\n<p><strong><a title=\"Bauschilder schnell und g\u00fcnstig mieten.\" href=\"https:\/\/www.bauschild-miete.de\/\" target=\"_blank\">bauschild-miete.de<\/a>\u00a0<\/strong>\u00a0 Bauschilder- und\u00a0Werbeschildgestelle f\u00fcr kurzfristigen\u00a0Einsatz die wir<br \/>\nbundesweit ausgeliefern.\u00a0Online finden Sie Preise von \u00fcber 100\u00a0Modellen in allen Gr\u00f6\u00dfen\/Formaten.\u00a0Ideal f\u00fcr Architekten, Baufirmen oder\u00a0Bauherren.<br \/>\nSchnelle Preis\u00fcbersicht.\u00a0Wir liefern sofort, bauen bundesweit auf.<\/p>\n<p><strong><a title=\"Das freistehende Schildsystem.\" href=\"https:\/\/www.citmax.de\/\" target=\"_blank\">citmax.de<\/a>\u00a0<\/strong> Werbetechnik f\u00fcr Kollegen\u00a0und Werbeagenturen sowie f\u00fcr Unternehmen<br \/>\ndie schnell und g\u00fcnstig nach L\u00f6sungen suchen. Viele 1.000 Referenzfotos + Ideen,<br \/>\nalle Produkte\u00a0sind leicht verst\u00e4ndlich beschrieben.\u00a0Sie k\u00f6nnen online sofort<br \/>\nProdukte, Montagekosten und Sonderleistungen einsehen und kalkulieren.<\/p>\n<p><strong><a href=\"https:\/\/www.pylone24.de\/\">pylone24.de<\/a><\/strong>\u00a0\u00a0ist Deutschlands gro\u00dfes\u00a0Online-Portal mit \u00fcber 600<br \/>\nvorkalkulierten\u00a0Pylonvarianten. Alle Pylonmodelle werden\u00a0schnell und kosteng\u00fcnstig<br \/>\nnach\u00a0vorhandener Systemstatik\u00a0produziert, bundesweit ausgeliefert und<br \/>\nvon\u00a0erfahrenen Monteuren aufgebaut.<br \/>\nVon der Bauantragsstellung bis zur\u00a0Montage erhalten Sie alles aus einer Hand.<\/p>\n<p><strong><a title=\"Das gro\u00dfe Werbeanh\u00e4nger-Info Portal.\" href=\"https:\/\/www.werbeanhaenger.com\/\" target=\"_blank\">werbeanhaenger.com<\/a>\u00a0<\/strong>\u00a0 das gro\u00dfe Werbeanh\u00e4nger-Vermietungsportal ist<br \/>\nmit attraktiven Angeboten seit \u00fcber 20 Jahren Marktf\u00fchrer in diesem Bereich.<br \/>\nHier erhalten Sie alle Infos, Tipps und\u00a0M\u00f6glichkeiten \u00fcber\u00a0Werbeanh\u00e4nger.<br \/>\nVom Druck der Werbefl\u00e4che bis zur\u00a0Auslieferung zum Aufstellort\u00a0finden Sie\u00a0hier<br \/>\nonline Kalkulationbeispiele und buchbare Systeml\u00f6sungen.<\/p>\n<p><strong><a title=\"Deutschlands gro\u00dfes Werbemast-Info-Portal.\" href=\"https:\/\/www.werbeturm24.de\/\" target=\"_blank\">werbeturm24.de<\/a><\/strong>\u00a0\u00a0ist Deutschlands\u00a0gro\u00dfes Infoportal f\u00fcr Werbemasten\u00a0von 7,5 bis 50,0m<br \/>\nmit \u00fcber 4.000\u00a0vorkalkulierten\u00a0Mastvarianten.\u00a0Ideal f\u00fcr Architekten, Baufirmen und<br \/>\nBauherren. Hier finden Sie schnell\u00a0und \u00fcbersichtlich f\u00fcr nahezu\u00a0jede\u00a0Werbemastvariante<br \/>\neinen Angebotspreis.\u00a0Von der Projektierung, der Mastgestaltung,\u00a0dem Bauantrag,<br \/>\nder Bodenuntersuchung\u00a0und der Maststatik, der Fertigung des\u00a0Stahlbaues, der<br \/>\nWerbeanlagen bis zur\u00a0Lieferung, Montage aller Bauteile bis zur\u00a0betriebsbereiten<br \/>\n\u00dcbergabe des Werbemastes. Wir fertigen es. Alles aus einer Hand.<\/p>\n<div>\n<p><strong><a title=\"Erstklassige Ideen, verkaufen und kaufen.\" href=\"https:\/\/www.1a-idee.com\/\" target=\"_blank\">1a-idee.com<\/a><\/strong>\u00a0ist unsere AG die ab 2023 Beteiligungen aller Divisionen an<br \/>\nBranchenkollegen\u00a0bereit stellt und deren Koordination verwaltet.<\/p>\n<p><strong><a title=\"Das innovative Home-Office-Boardinghaus an der B6. \" href=\"https:\/\/www.b6-office.de\/\" target=\"_blank\">b6-office.de<\/a>\u00a0<\/strong>bietet erstklassige, kleine,\u00a0komfortable B\u00fcros in bester Lage von<br \/>\nGarbsen\/Nord Hannover an, direkt an\u00a0der B6 zu erstaunlich g\u00fcnstigen Preisen!<br \/>\n52 Funktions-B\u00fcros, traumhaftes Penthausb\u00fcro, alles auf \u00fcber 2.500qm mit<br \/>\nParkpl\u00e4tzen direkt vor der T\u00fcr warten auf Sie. Es geht los ab 15qm B\u00fcrofl\u00e4che.<\/p>\n<p><strong><a title=\"Business-Textilien f\u00fcr Handwerk, Handel, Freizeit und Beruf.\" href=\"https:\/\/www.busitex.de\/\" target=\"_blank\">busitex.de<\/a><\/strong>\u00a0ist ein Online-Shop f\u00fcr Textilien,\u00a0Berufs-, Freizeit- und<br \/>\nSportkleidung wie T-Shirts, SweatShirts,\u00a0Jacken, Arbeitskleidung, Taschen,\u00a0Schirme,<br \/>\nCaps und Montagekleidung\u00a0f\u00fcr gewerbliche Arbeiter,\u00a0Handwerker, Promotoren,\u00a0 u.v.m.<\/p>\n<\/div>\n<p><strong><a title=\"Das riesige modulare Werbewandsystem.\" href=\"https:\/\/www.maxiwall.de\/\" target=\"_blank\">maxiwall.de<\/a><\/strong>\u00a0\u00a0 bietet ab 2023 klappbare Werbeanh\u00e4nger-Module, perfekt f\u00fcr<br \/>\nGro\u00dffl\u00e4chenwerbung. Total mobil, schnell aufgebaut und universell einsetzbar f\u00fcr<br \/>\nPromotion, Bauschildwerbung, auf Messen oder bei Veranstaltungen.<\/p>\n<p><strong><a title=\"Der Online-Dienstleister f\u00fcr virtuelles Verkaufen.\" href=\"https:\/\/www.redax24.de\/\" target=\"_blank\">redax24.de<\/a>\u00a0<\/strong> bietet fertige Systeml\u00f6sungen,\u00a0\u00fcbersichtliche Homepage-Pakete f\u00fcr<br \/>\nklein-\u00a0und mittelst\u00e4ndige Unternehmen.\u00a0Pflegeleichten CMS-webseiten, moderne<br \/>\nDesign-Templates f\u00fcr einfache,\u00a0unternehmerfreundliche Anwendung.<\/p>\n<div>\n<p><strong><a title=\"Der Werbe-Shop f\u00fcr GeWERBEtreibende,\" href=\"https:\/\/www.shopy24.de\/\" target=\"_blank\">shopy24.de<\/a><\/strong>\u00a0ist die Online-\u00dcbersicht\u00a0alle Divisions-Marken.<br \/>\nDort werden alle Werbeprodukte,\u00a0Werbedienstleistungen und Informationen<br \/>\ngeb\u00fcndelt, ganzheitlich mit jeweiligen Preisen dargestellt.<\/p>\n<p><strong><a title=\"Gebrauchtes, Sonderposten, Schn\u00e4ppchen- Vermittlungs-Shop.\" href=\"https:\/\/www.billig-paradies.de\/\" target=\"_blank\">billig-paradies.de<\/a><\/strong>\u00a0wird ein Online-Shop f\u00fcr\u00a0gebrauchtes, neues, Sonderposten und<br \/>\nSchn\u00e4ppchen die \u00fcber einen gef\u00fchrten\u00a0Verkauf gelistet und angeboten werden.<br \/>\nVon der Erfassung des Verkaufsartikels,\u00a0\u00fcber das Listen im OnlineShop<br \/>\nbis zur\u00a0Verkaufsanbahnung betreut ein SalesProfi den Artikel, den Verk\u00e4ufer<br \/>\nund den K\u00e4ufer. Start ist 2024.<\/p>\n<h1>Das Profi-Netzwerk.<\/h1>\n<h1>suche-profi.de \u2013 das Werbebranchen-Netzwerk.<\/h1>\n<p>Hier finden Sie Profis. Hier suchen Sie Profis.\u00a0Wer hier registriert ist, der ist ein Profi!<br \/>\n<a title=\"der aufkleber-profi\" href=\"https:\/\/www.aufkleber-druck-profi.de\/\" target=\"_blank\">www.aufkleber-druck-profi.de<\/a><br \/>\n<a title=\"der aussenwerbung-profi\" href=\"https:\/\/www.aussenwerbung-profi.de\/\" target=\"_blank\">www.aussenwerbung-profi.de<\/a><br \/>\n<a title=\"der bauschild-profi\" href=\"https:\/\/www.bauschild-profi.de\/\" target=\"_blank\">www.bauschild-profi.de<\/a><br \/>\n<a title=\"der beschriftung-profi\" href=\"https:\/\/www.beschriftung-profi.de\/\" target=\"_blank\">www.beschriftung-profi.de<br \/>\n<\/a><a title=\"der bigprint-profi\" href=\"https:\/\/www.bigprint-profi.de\/\" target=\"_blank\">www.bigprint-profi.de<\/a><br \/>\n<a title=\"der buchstaben-profi\" href=\"https:\/\/www.buchstaben-profi.de\/\" target=\"_blank\">www.buchstaben-profi.de<\/a><br \/>\n<a title=\"der cms-web-profi\" href=\"https:\/\/www.cms-web-profi.de\/\" target=\"_blank\">www.cms-web-profi.de<\/a><br \/>\n<a title=\"der dein-werbemittel-profi\" href=\"https:\/\/www.dein-werbemittel-profi.de\/\" target=\"_blank\">www.dein-werbemittel-profi.de<\/a><br \/>\n<a title=\"der dekoration-profi\" href=\"https:\/\/www.dekoration-profi.de\/\" target=\"_blank\">www.dekoration-profi.de<\/a><br \/>\n<a title=\"der der-website-profi\" href=\"https:\/\/www.der-website-profi.de\/\" target=\"_blank\">www.der-website-profi.de<\/a><br \/>\n<a title=\"der digital-druck-werbe-profi\" href=\"https:\/\/www.digital-druck-werbe-profi.de\/\" target=\"_blank\">www.digital-druck-werbe-profi.de<\/a><br \/>\n<a title=\"der digiprint-profi\" href=\"https:\/\/www.digiprint-profi.de\/\">www.digiprint-profi.de<\/a><br \/>\n<a title=\"der directmail-profi\" href=\"https:\/\/www.directmail-profi.de\/\">www.directmail-profi.de<\/a><br \/>\n<a title=\"der directmarketing-profi\" href=\"https:\/\/www.directmarketing-profi.de\/\">www.directmarketing-profi.de<\/a><br \/>\n<a title=\"der display-werbung-profi\" href=\"https:\/\/www.display-werbung-profi.de\/\" target=\"_blank\">www.display-werbung-profi.de<\/a><br \/>\n<a title=\"der endlosdruck-profi\" href=\"https:\/\/www.endlosdruck-profi.de\/\">www.endlosdruck-profi.de<\/a><br \/>\n<a title=\"der etiketten-druck-profi\" href=\"https:\/\/www.etiketten-druck-profi.de\/\">www.etiketten-druck-profi.de<\/a><br \/>\n<a title=\"der fahnen-masten-profi\" href=\"https:\/\/www.fahnen-masten-profi.de\/\">www.fahnen-masten-profi.de<\/a><br \/>\n<a title=\"der formulardruck-profi\" href=\"https:\/\/www.formulardruck-profi.de\/\" target=\"_blank\">www.formulardruck-profi.de<\/a><br \/>\n<a title=\"Der full-service-profi.\" href=\"https:\/\/www.full-service-profi.de\/\" target=\"_blank\">www.full-service-profi.de<\/a><br \/>\n<a title=\"der gestaltung-profi\" href=\"https:\/\/www.gestaltung-profi.de\/\">www.gestaltung-profi.de<\/a><br \/>\n<a title=\"der giveaways-profi\" href=\"https:\/\/www.giveaways-profi.de\/\">www.giveaways-profi.de<\/a><br \/>\n<a title=\"der grafik-design-profi\" href=\"https:\/\/www.grafik-design-profi.de\/\" target=\"_blank\">www.grafik-design-profi.de<\/a><br \/>\n<a title=\"der handzettel-profi\" href=\"https:\/\/www.handzettel-profi.de\/\">www.handzettel-profi.de<\/a><br \/>\n<a title=\"der ideen-profi\" href=\"https:\/\/www.ideen-profi.de\/\">www.ideen-profi.de<\/a><br \/>\n<a title=\"der klebebuchstaben-profi\" href=\"https:\/\/www.klebebuchstaben-profi.de\/\">www.klebebuchstaben-profi.de<\/a><br \/>\n<a title=\"der kommunikation-profi\" href=\"https:\/\/www.kommunikation-profi.de\/\">www.kommunikation-profi.de<\/a><br \/>\n<a title=\"der konzept-profi\" href=\"https:\/\/www.konzept-profi.de\/\" target=\"_blank\">www.konzept-profi.de<\/a><br \/>\n<a title=\"der layout-profi\" href=\"https:\/\/www.layout-profi.de\/\">www.layout-profi.de<\/a><br \/>\n<a title=\"der led-werbung-profi\" href=\"https:\/\/www.led-werbung-profi.de\/\">www.led-werbung-profi.de<\/a><br \/>\n<a title=\"der lichtwerbe-profi\" href=\"https:\/\/www.lichtwerbe-profi.de\/\">www.lichtwerbe-profi.de<\/a><br \/>\n<a title=\"der link-profi\" href=\"https:\/\/www.link-profi.de\/\">www.link-profi.de<\/a><br \/>\n<a title=\"der logodesign-profi\" href=\"https:\/\/www.logodesign-profi.de\/\" target=\"_blank\">www.logodesign-profi.de<\/a><br \/>\n<a title=\"der mappen-profi\" href=\"https:\/\/www.mappen-profi.de\/\" target=\"_blank\">www.mappen-profi.de<\/a><br \/>\n<a title=\"der marketing-werbe-profi\" href=\"https:\/\/www.marketing-werbe-profi.de\/\" target=\"_blank\">www.marketing-werbe-profi.de<\/a><br \/>\n<a title=\"der megaprint-profi\" href=\"https:\/\/www.megaprint-profi.de\/\" target=\"_blank\">www.megaprint-profi.de<\/a><br \/>\n<a title=\"der messewerbe-profi\" href=\"https:\/\/www.messewerbe-profi.de\/\" target=\"_blank\">www.messewerbe-profi.de<\/a><br \/>\n<a title=\"der montage-team-profi\" href=\"https:\/\/www.montage-team-profi.de\/\" target=\"_blank\">www.montage-team-profi.de<\/a><br \/>\n<a title=\"der multi-media-profi\" href=\"https:\/\/www.www.multi-media-profi.de\/\" target=\"_blank\">www.multi-media-profi.de<\/a><br \/>\n<a title=\"der ordner-profi\" href=\"https:\/\/www.ordner-profi.de\/\" target=\"_blank\">www.ordner-profi.de<\/a><br \/>\n<a title=\"der plakate-profi\" href=\"https:\/\/www.plakate-profi.de\/\" target=\"_blank\">www.plakate-profi.de<\/a><br \/>\n<a title=\"der pointofsale-profi\" href=\"https:\/\/www.pointofsale-profi.de\/\" target=\"_blank\">www.pointofsale-profi.de<\/a><br \/>\n<a title=\"der poster-druck-profi\" href=\"https:\/\/www.poster-druck-profi.de\/\" target=\"_blank\">www.poster-druck-profi.de<\/a><br \/>\n<a title=\"der promotion-werbung-profi\" href=\"https:\/\/www.promotion-werbung-profi.de\/\" target=\"_blank\">www.promotion-werbung-profi.de<\/a><br \/>\n<a title=\" der prospekt-profi\" href=\"https:\/\/www.prospekt-profi.de\/\" target=\"_blank\">www.prospekt-profi.de<\/a><br \/>\n<a title=\"der pylon-profi\" href=\"https:\/\/www.pylon-profi.de\/\" target=\"_blank\">www.pylon-profi.de<\/a><br \/>\n<a title=\"der qr-profi\" href=\"https:\/\/www.qr-profi.de\/\" target=\"_blank\">www.qr-profi.de<\/a><br \/>\n<a title=\"der schauwerbegestalter-profi\" href=\"https:\/\/www.schauwerbegestalter-profi.de\/\" target=\"_blank\">www.schauwerbegestalter-profi.de<\/a><br \/>\n<a title=\"der schild-profi\" href=\"https:\/\/www.schild-profi.de\/\" target=\"_blank\">www.schild-profi.de<\/a><br \/>\n<a title=\"der schriften-profi\" href=\"https:\/\/www.schriften-profi.de\/\" target=\"_blank\">www.schriften-profi.de<\/a><br \/>\n<a title=\"der show-profi\" href=\"https:\/\/www.show-profi.de\/\" target=\"_blank\">www.show-profi.de<\/a><br \/>\n<a title=\"der siebdruck-profi\" href=\"https:\/\/www.siebdruck-profi.de\/\" target=\"_blank\">www.siebdruck-profi.de<\/a><br \/>\n<a title=\"der such-ein-profi\" href=\"https:\/\/www.such-ein-profi.de\/\" target=\"_blank\">www.such-ein-profi.de<\/a><br \/>\n<a title=\"der suche-beratung-profi\" href=\"https:\/\/www.suche-beratung-profi.de\/\" target=\"_blank\">www.suche-beratung-profi.de<\/a><br \/>\n<a title=\"der suche-druckerei-profi\" href=\"https:\/\/www.suche-druckerei-profi.de\/\" target=\"_blank\">www.suche-druckerei-profi.de<\/a><br \/>\n<a title=\"der suche-grafik-profi\" href=\"https:\/\/www.suche-grafik-profi.de\/\" target=\"_blank\">www.suche-grafik-profi.de<\/a><br \/>\n<a title=\"der suche-internet-profi\" href=\"https:\/\/www.suche-internet-profi.de\/\" target=\"_blank\">www.suche-internet-profi.de<\/a><br \/>\n<a title=\"der suche-werbe-profi\" href=\"https:\/\/www.suche-werbe-profi.de\/\" target=\"_blank\">www.suche-werbe-profi.de<\/a><br \/>\n<a title=\"der telefonkontakt-profi\" href=\"https:\/\/www.telefonkontakt-profi.de\/\" target=\"_blank\">www.telefonkontakt-profi.de<\/a><br \/>\n<a title=\"der textilprint-profi\" href=\"https:\/\/www.textilprint-profi.de\/\" target=\"_blank\">www.textilprint-profi.de<\/a><br \/>\n<a title=\"der text-foto-profi\" href=\"https:\/\/www.text-foto-profi.de\/\" target=\"_blank\">www.text-foto-profi.de<\/a><br \/>\n<a title=\"der umsatz-profi\" href=\"https:\/\/www.umsatz-profi.de\/\" target=\"_blank\">www.umsatz-profi.de<\/a><br \/>\n<a title=\"der verkaufsf\u00f6rderung-profi\" href=\"https:\/\/www.xn--verkaufsfrderung-profi-2hc.de\/\" target=\"_blank\">www.verkaufsf\u00f6rderung-profi.de<\/a><br \/>\n<a title=\"der verkauf-profi\" href=\"https:\/\/www.verkauf-profi.de\/\" target=\"_blank\">www.verkauf-profi.de<\/a><br \/>\n<a title=\"der website-profi\" href=\"https:\/\/www.website-profi.de\/\" target=\"_blank\">www.website-profi.de<\/a><br \/>\n<a title=\"der werbebanner-profi\" href=\"https:\/\/www.werbebanner-profi.de\/\" target=\"_blank\">www.werbebanner-profi.de<\/a><br \/>\n<a title=\"der werbemast-profi\" href=\"https:\/\/www.werbemast-profi.de\/\" target=\"_blank\">www.werbemast-profi.de<\/a><br \/>\n<a title=\"der werbemittel-druck-profi\" href=\"https:\/\/www.werbemittel-druck-profi.de\/\" target=\"_blank\">www.werbemittel-druck-profi.de<\/a><br \/>\n<a title=\"der werbeschilder-profi\" href=\"https:\/\/www.werbeschilder-profi.de\/\" target=\"_blank\">www.werbeschilder-profi.de<\/a><br \/>\n<a title=\"der werbetechnik-profi\" href=\"https:\/\/www.werbetechnik-profi.de\/\" target=\"_blank\">www.werbetechnik-profi.de<\/a><br \/>\n<a title=\"der werbeturm-profi\" href=\"https:\/\/www.werbeturm-profi.de\/\" target=\"_blank\">www.werbeturm-profi.de<\/a><\/p>\n<\/div>\n<\/div>\n<\/div>\n<\/article>\n","protected":false},"excerpt":{"rendered":"<p>Die langwost Unternehmensgruppe: Das langwost.de-Team ist eine\u00a0Division der\u00a0idee-produktion.de\u00a0GmbH und betreut seit 1984 Unternehmen in den\u00a0Fachbereichen Networking, Marketing und\u00a0Kommunikation mit praxisnahen, [&hellip;]<\/p>\n","protected":false},"author":1,"featured_media":0,"parent":0,"menu_order":0,"comment_status":"closed","ping_status":"closed","template":"page-fullwidth.php","meta":{"footnotes":"","_links_to":"","_links_to_target":""},"class_list":["post-5919","page","type-page","status-publish","hentry","no-featured-image"],"_links":{"self":[{"href":"https:\/\/langwost.de\/index.php?rest_route=\/wp\/v2\/pages\/5919"}],"collection":[{"href":"https:\/\/langwost.de\/index.php?rest_route=\/wp\/v2\/pages"}],"about":[{"href":"https:\/\/langwost.de\/index.php?rest_route=\/wp\/v2\/types\/page"}],"author":[{"embeddable":true,"href":"https:\/\/langwost.de\/index.php?rest_route=\/wp\/v2\/users\/1"}],"replies":[{"embeddable":true,"href":"https:\/\/langwost.de\/index.php?rest_route=%2Fwp%2Fv2%2Fcomments&post=5919"}],"version-history":[{"count":72,"href":"https:\/\/langwost.de\/index.php?rest_route=\/wp\/v2\/pages\/5919\/revisions"}],"predecessor-version":[{"id":6916,"href":"https:\/\/langwost.de\/index.php?rest_route=\/wp\/v2\/pages\/5919\/revisions\/6916"}],"wp:attachment":[{"href":"https:\/\/langwost.de\/index.php?rest_route=%2Fwp%2Fv2%2Fmedia&parent=5919"}],"curies":[{"name":"wp","href":"https:\/\/api.w.org\/{rel}","templated":true}]}}