{"id":6428,"date":"2016-04-15T14:45:47","date_gmt":"2016-04-15T12:45:47","guid":{"rendered":"http:\/\/langwost.de\/?page_id=6428"},"modified":"2016-11-10T08:16:48","modified_gmt":"2016-11-10T07:16:48","slug":"divisionen-bieten-fertige-loesungen","status":"publish","type":"page","link":"https:\/\/langwost.de\/?page_id=6428","title":{"rendered":"6) Divisionen bieten fertige L\u00f6sungen."},"content":{"rendered":"<p>Spezielle L\u00f6sungen und faire Preise f\u00fcr spezielle Marketingma\u00dfnahmen<br \/>\nfinden Sie bei uns in 14 Divisionen:<\/p>\n<p><strong><a title=\"Der Online-Shop f\u00fcr den Werbeprofi - g\u00fcnstig + gut!\" href=\"https:\/\/www.a-zdruck.de\/\" target=\"_blank\">a-zdruck.de<\/a>\u00a0<\/strong>ist ein online-Shop f\u00fcr Qualit\u00e4ts-Drucksachen und Werbemittel jeder Art. Ideal f\u00fcr Wiederverk\u00e4ufer und Agenturen.<br \/>\n<strong><a title=\"Besondere Promotionideen mit Personal und Action.\" href=\"https:\/\/www.actionpromotion.de\/\" target=\"_blank\">actionpromotion.de<\/a><\/strong>\u00a0bietet komplette Promotionpakete zur Umsatz- und Bekanntheitsgradsteigerung. Fertige Action-Promotionkonzepte.<br \/>\n<strong><a title=\"Bauschilder schnell und g\u00fcnstig mieten.\" href=\"https:\/\/www.bauschild-miete.de\/\" target=\"_blank\">bauschild-miete.de<\/a>\u00a0<\/strong>\u00a0 \u00fcbersichtliche Darstellung von \u00fcber 100 Bauschildmodellen in allen Gr\u00f6\u00dfen und Formaten. Bundesweite Montage sowie Bauschildversand.<br \/>\n<strong><a title=\"Business-Textilien f\u00fcr Handwerk, Handel, Freizeit und Beruf.\" href=\"https:\/\/www.busitex.de\/\" target=\"_blank\">busitex.de<\/a>\u00a0<\/strong>ist ein Online-Shop f\u00fcr Textilien, Berufsbekleidung, Freizeit- und Sportkleidung komplett incl. Textilbedruckung. Alles aus einer Hand.<br \/>\n<strong><a title=\"Das freistehende Schildsystem.\" href=\"https:\/\/www.citmax.de\/\" target=\"_blank\">citmax.de<\/a>\u00a0<\/strong> bietet alle werbetechnischen Leistungen \u00fcbersichtlich in einem Online-Shop an und ist das ideale Portal f\u00fcr Wiederverk\u00e4ufer, Eink\u00e4ufer und Supporter.<br \/>\n<strong><a title=\"Bundesweit verteilen wir Ihre Direktwerbung.\" href=\"https:\/\/www.handzettel-verteiler.de\/\" target=\"_blank\">handzettel-verteiler.de<\/a><\/strong>\u00a0\u00a0bietet bundesweit Verteildienstleistungen aller Art an. An alle Haushalte oder Direktverteilung\u00a0bei Promotionaktionen.<br \/>\n<strong><a title=\"Profi-Personal f\u00fcr den Bereich Werbung + Marketing.\" href=\"https:\/\/www.ihrewerbeabteilung.de\/\" target=\"_blank\">ihrewerbeabteilung.de<\/a><\/strong>\u00a0\u00a0bietet Werbe-knowhow genau dann, wenn Sie es ben\u00f6tigen. Hier finden Sie 11 qualifizierte Scout-Mitarbeiter.<br \/>\n<strong><a title=\"Das riesige modulare Werbewandsystem.\" href=\"https:\/\/www.maxiwall.de\/\" target=\"_blank\">maxiwall.de<\/a><\/strong>\u00a0\u00a0 ist die gr\u00f6\u00dfte, freistehende Gro\u00dffl\u00e4chenmotivwand die modular in den Breiten 6.0m, 12.0m, 18.0m und 24.0m &#8211; bis zu H20,8m H\u00f6he.<br \/>\n<strong><a title=\"Wer maxitruss sucht findet es bei www.maxiwall.de\" href=\"https:\/\/www.maxiwall.de\/\" target=\"_blank\">maxitruss.de<\/a>\u00a0<\/strong>das Werbewand-System aus Eurotruss ist ebenso modular + flexibel und\u00a0ideal f\u00fcr kurzfristige Promotionaktionen. Alles leicht aufzubauen!<br \/>\n<strong><a title=\"Design, Werbung und Marketing f\u00fcr Arztpraxen.\" href=\"https:\/\/www.praxispromotion.de\/\" target=\"_blank\">praxispromotion.de<\/a>\u00a0<\/strong>\u00a0 Fachkompetenz, Werbung, Design und Creativit\u00e4t. Hier werden visuelle Arzt-Praxen-Erscheinungsbilder realisiert.<br \/>\n<a title=\"Hier gehts zu den Pylonen.\" href=\"https:\/\/www.pylone24.de\" target=\"_blank\"><strong>pylone24.de<\/strong><\/a> Deutschlands gro\u00dfes Online-Portal mit \u00fcber 600 vorkalkulierten Pylonvarianten. \u00dcbersichtlich, gut erkl\u00e4rt, &#8211; alle Pylonsysteme.<br \/>\n<strong><a title=\"Der Online-Dienstleister f\u00fcr virtuelles Verkaufen.\" href=\"https:\/\/www.redax24.de\/\" target=\"_blank\">redax24.de<\/a><\/strong>\u00a0 NewMarketing und Strukturaufbau im Internet. Von der pflegeleichten CMS-webseite bis zum modernen Design-Template.<br \/>\n<strong><a title=\"Das gro\u00dfe Werbeanh\u00e4nger-Info Portal.\" href=\"https:\/\/www.werbeanhaenger.com\/\" target=\"_blank\">werbeanhaenger.com<\/a><\/strong>\u00a0\u00a0 ist das informative Werbeanh\u00e4nger-Vermietungsportal mit Infos, Tipps und allen Varianten von Werbeanh\u00e4ngern.<br \/>\n<strong><a title=\"Deutschlands gro\u00dfes Werbemast-Info-Portal.\" href=\"https:\/\/www.werbeturm24.de\/\" target=\"_blank\">werbeturm24.de<\/a><\/strong>\u00a0\u00a0ist Deutschlands gro\u00dfes Infoportal f\u00fcr Werbemasten von 7,5 bis 50,0m mit \u00fcber 4.000 vorkalkulierten\u00a0Mastvarianten.<\/p>\n<p><strong><a title=\"Der Werbe-Shop f\u00fcr GeWERBEtreibende,\" href=\"https:\/\/www.shopy24.de\/\" target=\"_blank\">shopy24.de<\/a>\u00a0<\/strong>ist der \u00fcbersichtliche Online-Shop f\u00fcr alle Divisions-Marken.<\/p>\n","protected":false},"excerpt":{"rendered":"<p>Spezielle L\u00f6sungen und faire Preise f\u00fcr spezielle Marketingma\u00dfnahmen finden Sie bei uns in 14 Divisionen: a-zdruck.de\u00a0ist ein online-Shop f\u00fcr Qualit\u00e4ts-Drucksachen [&hellip;]<\/p>\n","protected":false},"author":1,"featured_media":0,"parent":0,"menu_order":0,"comment_status":"closed","ping_status":"closed","template":"","meta":{"footnotes":"","_links_to":"","_links_to_target":""},"class_list":["post-6428","page","type-page","status-publish","hentry","no-featured-image"],"_links":{"self":[{"href":"https:\/\/langwost.de\/index.php?rest_route=\/wp\/v2\/pages\/6428"}],"collection":[{"href":"https:\/\/langwost.de\/index.php?rest_route=\/wp\/v2\/pages"}],"about":[{"href":"https:\/\/langwost.de\/index.php?rest_route=\/wp\/v2\/types\/page"}],"author":[{"embeddable":true,"href":"https:\/\/langwost.de\/index.php?rest_route=\/wp\/v2\/users\/1"}],"replies":[{"embeddable":true,"href":"https:\/\/langwost.de\/index.php?rest_route=%2Fwp%2Fv2%2Fcomments&post=6428"}],"version-history":[{"count":8,"href":"https:\/\/langwost.de\/index.php?rest_route=\/wp\/v2\/pages\/6428\/revisions"}],"predecessor-version":[{"id":6700,"href":"https:\/\/langwost.de\/index.php?rest_route=\/wp\/v2\/pages\/6428\/revisions\/6700"}],"wp:attachment":[{"href":"https:\/\/langwost.de\/index.php?rest_route=%2Fwp%2Fv2%2Fmedia&parent=6428"}],"curies":[{"name":"wp","href":"https:\/\/api.w.org\/{rel}","templated":true}]}}