{"id":6499,"date":"2016-10-06T14:38:55","date_gmt":"2016-10-06T12:38:55","guid":{"rendered":"http:\/\/langwost.de\/?page_id=6499"},"modified":"2016-10-06T14:39:34","modified_gmt":"2016-10-06T12:39:34","slug":"infos-ueber","status":"publish","type":"page","link":"https:\/\/langwost.de\/?page_id=6499","title":{"rendered":"Infos \u00fcber&#8230;"},"content":{"rendered":"<p>Klicken Sie auf den Men\u00fcpunkt der Sie interessieren k\u00f6nnte.<\/p>\n","protected":false},"excerpt":{"rendered":"<p>Klicken Sie auf den Men\u00fcpunkt der Sie interessieren k\u00f6nnte.<\/p>\n","protected":false},"author":1,"featured_media":0,"parent":0,"menu_order":0,"comment_status":"closed","ping_status":"closed","template":"","meta":{"footnotes":"","_links_to":"","_links_to_target":""},"class_list":["post-6499","page","type-page","status-publish","hentry","no-featured-image"],"_links":{"self":[{"href":"https:\/\/langwost.de\/index.php?rest_route=\/wp\/v2\/pages\/6499"}],"collection":[{"href":"https:\/\/langwost.de\/index.php?rest_route=\/wp\/v2\/pages"}],"about":[{"href":"https:\/\/langwost.de\/index.php?rest_route=\/wp\/v2\/types\/page"}],"author":[{"embeddable":true,"href":"https:\/\/langwost.de\/index.php?rest_route=\/wp\/v2\/users\/1"}],"replies":[{"embeddable":true,"href":"https:\/\/langwost.de\/index.php?rest_route=%2Fwp%2Fv2%2Fcomments&post=6499"}],"version-history":[{"count":2,"href":"https:\/\/langwost.de\/index.php?rest_route=\/wp\/v2\/pages\/6499\/revisions"}],"predecessor-version":[{"id":6501,"href":"https:\/\/langwost.de\/index.php?rest_route=\/wp\/v2\/pages\/6499\/revisions\/6501"}],"wp:attachment":[{"href":"https:\/\/langwost.de\/index.php?rest_route=%2Fwp%2Fv2%2Fmedia&parent=6499"}],"curies":[{"name":"wp","href":"https:\/\/api.w.org\/{rel}","templated":true}]}}