{"id":6819,"date":"2016-11-17T18:33:56","date_gmt":"2016-11-17T17:33:56","guid":{"rendered":"http:\/\/langwost.de\/?page_id=6819"},"modified":"2016-11-18T06:38:31","modified_gmt":"2016-11-18T05:38:31","slug":"lesen-ihre-anfrage","status":"publish","type":"page","link":"https:\/\/langwost.de\/?page_id=6819","title":{"rendered":"Lesen! Ihre Anfrage!"},"content":{"rendered":"<div>\n<div>\n<p>Alles beginnt immer mit einer Idee,<br \/>\nso wie wir es\u00a0hier untenstehend beschrieben steht:<\/p>\n<p><strong>Sie haben eine Idee! Ein Vorhaben.\u00a0 Was kommt dann?<\/strong><\/p>\n<p>Es kommt die Entscheidung \/ Ihre Entscheidung, ob die Idee, der Job,<br \/>\nrealisiert werden soll.<br \/>\nSchon stehen Sie vor der n\u00e4chsten Aufgabe:<\/p>\n<p>&#8222;Wer macht den Job?&#8220;<br \/>\n&#8222;Wer setzt diesen wirtschaftlich, schnell und zielgerichtet um?&#8220;<br \/>\n&#8222;Was kostet der Job?&#8220;<br \/>\n&#8222;Was gibt es f\u00fcr Alternativen?&#8220;<\/p>\n<p><strong>Viele Fragen,<br \/>\ndie Antworten sind unterschiedlich zu finden und zu l\u00f6sen.<\/strong><\/p>\n<p>Was Sie brauchen ist ein Ergebnis, in Form eines Angebotes und<br \/>\neiner zuvor erstellten Jobbeschreibung,<br \/>\nso das Ihre Aufgabe richtig verstanden und richtig gel\u00f6st wird.<\/p>\n<p>Im Zeitalter von Internet und mail ist dies keine allzuschwere Aufgabe,<br \/>\ndenn Sie k\u00f6nnen das world wide web auf den unterschiedlichsten Wegen<br \/>\ndurchforsten und ergr\u00fcnden.<br \/>\nFinal bleibt es dann bei Ihrer Entscheidung, welches der vorliegenden<br \/>\nAngebote Sie annehmen und welche nicht.<\/p>\n<p><strong>Doch Vorsicht!<br \/>\nEs lauern viele T\u00fccken und L\u00fccken, die sich schnell als<\/strong><br \/>\n<strong> Stolperfallen entpuppen k\u00f6nnen. All zu oft wird schnell vergessen,<\/strong><br \/>\n<strong> das eine Job nur so gut gel\u00f6st werden kann, wie er verstanden wurde.<\/strong><\/p>\n<p>Oder anders ausgedr\u00fcckt, es kommt auf die Kommunikation und deren<br \/>\nInhalte an, um bei der Anfrage genau das auszudr\u00fccken und zu betiteln,<br \/>\nwas von Ihnen oder Ihrem Dienstleister tats\u00e4chlich erwartet wird.<\/p>\n<p>Wir empfehlen daher immer:<br \/>\nBeschreiben Sie Ihre Anfrage und Ihr Anliegen m\u00f6glichst genau!!<br \/>\n<strong>Denn nur wenn Ihre Anfrage von Ihnen richtig \u00fcbermittelt wird,<br \/>\nwird das was Sie<\/strong> <strong>sich w\u00fcnschen, richtig verstanden werden und<br \/>\nsomit gel\u00f6st werden. S<\/strong><strong>o sollte auch Ihr Wunsch in Erf\u00fcllung gehen.<\/strong><\/p>\n<p>In der heutigen Zeit wird ein Gro\u00dfteil der Produkte und Waren<br \/>\nvia Internet ausgew\u00e4hlt, gekauft und bezahlt.<br \/>\nDas dies mit hervorragend programmiereten Webseiten gut funktioniert<br \/>\nzeigen zig Millionen Online Eink\u00e4ufe pro Jahr und der Markt der stetig<br \/>\nwachsenden Anzahl an Online-Shops.<\/p>\n<p>Das dies zudem auch noch \u00fcberaus attraktiv preiswert ist,<br \/>\nist ein Nebeneffekt, den Sie gerne als Besteller in Kauf nehmen.<br \/>\n<strong>So soll es auch auf dieser webseite sein!<\/strong><\/p>\n<p>Sie k\u00f6nnen Online vergleichen, bewerten, abwarten oder kaufen<br \/>\nund bestellen,\u00a0und erfreuen sich, wenn die Ware, Ihr Wunschprodukt,<br \/>\nam n\u00e4chsten oder \u00fcbern\u00e4chsten Tag frei Haus zu Ihnen angeliefert wird.<\/p>\n<p><strong>Zuerst lies sich der Online Kauf auf normale versandf\u00e4hige Produkte<\/strong><br \/>\n<strong> \u00fcbertragen, doch mittlerweile sind auch sperrige Teile wie Kommoden,<\/strong><br \/>\n<strong> Sessel oder Fahrr\u00e4der online zu bestellen und werden innerhalb k\u00fcrzester<\/strong><br \/>\n<strong> Zeit angeliefert und aufgebaut.<\/strong><\/p>\n<p>Zuk\u00fcnftig wird das Bestellen von Produkten verkn\u00fcpft &#8211; mit Dienstleistungen &#8211;<br \/>\nz.B. die des Aufbauens und Zusammenmontierens der Kommode,<br \/>\nonline gebucht werden k\u00f6nnen.<\/p>\n<p>Ihr neues Wohnzimmer online bestellt und wenige Tage sp\u00e4ter<br \/>\nzu Hause aufgebaut. Das klappt schon jetzt prima!<\/p>\n<p><strong>Dienstleistung wird online bestellbar!<\/strong><\/p>\n<p>Ihr Friseurtermin online bestellt, und der reisende Friseurdienst<br \/>\nkommt direkt zu Ihnen nach Hause. Alles ist und alles wird m\u00f6glich,<br \/>\nes ist nur eine Frage der Zeit. Wir werden es erleben!<\/p>\n<p><strong>Somit werden auch Dienstleistungen immer mehr online <strong>zuk\u00fcnftig<\/strong><\/strong><br \/>\n<strong> bestellt und zu hervorragenden Konditionen und<\/strong><br \/>\n<strong> mit kompletten Leistungs-Paketinhalten innerhalb k\u00fcrzester Zeit<\/strong><br \/>\n<strong> genau nach Ihren W\u00fcnschen realisiert.<\/strong><\/p>\n<p>Marketing-, Beratungs-, Ideen- und Werbedienstleistungen die Sie<br \/>\nonline bestellen k\u00f6nnen und deren Umsetzung schnell, wirtschaftlich und<br \/>\nprofessionell f\u00fcr Sie realisiert werden. <strong>Genau das bieten wir an!<\/strong><\/p>\n<p>Um genau zu erfahren was Sie planen, welche Ziele Sie erreichen m\u00f6chten,<br \/>\nbedarf es zuerst:\u00a0<strong>\u00a0<a title=\"Schreiben Sie uns eine mail mit Ihren W\u00fcnschen\/Zielen.\" href=\"mailto:info@langwost.de\" target=\"_blank\">Ihre Gedanken in Erfahrung zu bringen!<\/a><\/strong><\/p>\n<\/div>\n<p>Es w\u00e4re einfach verkehrt, wenn jetzt ein Gespr\u00e4ch erfolgen w\u00fcrde,<br \/>\nund das gesprochene Wort w\u00fcrde nicht verstanden und anders interpretiert<br \/>\nwerden.<br \/>\n<strong>Sie haben eine wichtige Aufgabe,<br \/>\ndie Sie richtig gel\u00f6st bekommen m\u00f6chten<\/strong><br \/>\n<strong> und wir m\u00f6chten diese Aufgabe richtig verstehen und zielgenau umsetzen!<\/strong><\/p>\n<p>Daher erwarten als Vorleistungen, das Sie Ihre Gedanken zu Papier<br \/>\noder noch besser zur Mail bringen und\u00a0uns <a title=\"Ihr direkter Klick zur Anfragebeschreibung per mail, die Sie ausf\u00fchren d\u00fcrfen.\" href=\"mailto:info@langwost.de\" target=\"_blank\">in schriftlicher Form mitteilen,<\/a><br \/>\nwas genau Sie als Dienstleistung gel\u00f6st haben m\u00f6chten.<\/p>\n<p>Ideal w\u00e4re eine genaue Beschreibung Ihrer Ist-Situation, wie Sie als<br \/>\nAuftraggeber die Dienstleistungsaufgabe sehen, was Sie erwarten und welche<br \/>\nfinale Ziele erreicht werden sollen!<\/p>\n<p><strong>Ihre Anfrage ist selbstverst\u00e4ndlich vertraulich,<br \/>\nkostet Sie keinen Cent <\/strong><strong>und bringt Ihnen den Vorteil,<br \/>\ndas Sie genau schriftlich fixiert haben, was Sie w\u00fcnschen.<\/strong><\/p>\n<p>Sollten Sie Ihre Gedanken nicht selber in einen Text fassen k\u00f6nnen,<br \/>\ndann k\u00f6nnen Sie uns zur Konzepterstellung und Analyse buchen.<br \/>\n<a title=\"Hier gehts zur Buchung zu Unternehmensberatung. Ausw\u00e4hlen, buchen und schon gehts los.\" href=\"https:\/\/langwost.de\/?product=l1-kommunikations-unternehmensberatung\" target=\"_blank\"><strong>Dann hier klicken:<\/strong><\/a><\/p>\n<p><strong>Danach gibt es 3 M\u00f6glichkeiten:<br \/>\n1)<\/strong>\u00a0es handelt sich um ein einfaches, schnell zu l\u00f6sendes Projekt,<br \/>\nwof\u00fcr wir fertige Leistungspakete anbieten, das ganze zu einem<br \/>\nFestpreis zu \u00fcberaus attraktiven Konditionen.<br \/>\n<strong>Sie erhalten das genau passende, buchbare Dienstleistungspaket<br \/>\nals Angebot von uns.<\/strong><br \/>\noder<br \/>\n<strong>2)<\/strong>\u00a0es handelt sich um eine Aufgabe, die so komplex ist, das wir<br \/>\ngemeinsam mit Ihnen eine Job-Projektierung erarbeiten,<br \/>\ndamit die komplexen Umf\u00e4nge und die Zielaufgaben beiderseitig richtig<br \/>\nverstanden und umgesetzt werden.<br \/>\nSie ben\u00f6tigen somit Beratungsbedarf und eine Konzeption, die genau<br \/>\nIhren Anforderungen entspricht damit Ihr Ziel erreicht wird.<br \/>\n<a title=\"Fachberatung bringt Sie wieter. Einfach ausw\u00e4hlen, buchen, absenden.\" href=\"https:\/\/langwost.de\/?product=l1-kommunikations-unternehmensberatung\" target=\"_blank\"><strong>Fachberatung, genau das buchen Sie bei uns!<\/strong><\/a><\/p>\n<p><strong>3)<\/strong>\u00a0Sie kommen aus unerkl\u00e4rlichen Gr\u00fcnden nicht weiter.<br \/>\nSie ben\u00f6tigen noch Zeit und wollen lieber noch abwarten,<br \/>\nob irgendwas anderes passiert. (was auch immer).<br \/>\n<strong>Die Zeit geben wir Ihnen, auch das erhalten Sie von uns.<\/strong><\/p>\n<p><strong>Ihre Vorleistungen sind somit:<\/strong><br \/>\nUns Ihrer Anfrage, Aufgabenstellung und \u00a0Komplexit\u00e4t der erwarteten<br \/>\nDienstleistung so genau zu beschreiben,<br \/>\nso das wir dann gemeinsam ausw\u00e4hlen k\u00f6nnen,<br \/>\nwelches Dienstleistungspaket am Besten zu Ihrer Aufgabenstellung passt.<\/p>\n<p>Keine Angst, wir erwarten kein 20 seitiges Script von Ihnen.<br \/>\nSie k\u00f6nnen ganz einfach eine mail schreiben,<br \/>\nmit Ihren Texten\/Ideen anreichern, welche Gedanken und welche Ziele<br \/>\n<a title=\"Ihr direkter Klick zur Anfragebeschreibung per mail, die Sie ausf\u00fchren d\u00fcrfen.\" href=\"mailto:info@langwost.de\">Sie verfolgen, und dann auf senden klicken.<\/a><\/p>\n<p><strong>Danach kommt die Kontaktaufnahme.<br \/>\n<\/strong><\/p>\n<\/div>\n","protected":false},"excerpt":{"rendered":"<p>Alles beginnt immer mit einer Idee, so wie wir es\u00a0hier untenstehend beschrieben steht: Sie haben eine Idee! Ein Vorhaben.\u00a0 Was [&hellip;]<\/p>\n","protected":false},"author":1,"featured_media":0,"parent":0,"menu_order":0,"comment_status":"closed","ping_status":"closed","template":"","meta":{"footnotes":"","_links_to":"","_links_to_target":""},"class_list":["post-6819","page","type-page","status-publish","hentry","no-featured-image"],"_links":{"self":[{"href":"https:\/\/langwost.de\/index.php?rest_route=\/wp\/v2\/pages\/6819"}],"collection":[{"href":"https:\/\/langwost.de\/index.php?rest_route=\/wp\/v2\/pages"}],"about":[{"href":"https:\/\/langwost.de\/index.php?rest_route=\/wp\/v2\/types\/page"}],"author":[{"embeddable":true,"href":"https:\/\/langwost.de\/index.php?rest_route=\/wp\/v2\/users\/1"}],"replies":[{"embeddable":true,"href":"https:\/\/langwost.de\/index.php?rest_route=%2Fwp%2Fv2%2Fcomments&post=6819"}],"version-history":[{"count":6,"href":"https:\/\/langwost.de\/index.php?rest_route=\/wp\/v2\/pages\/6819\/revisions"}],"predecessor-version":[{"id":6835,"href":"https:\/\/langwost.de\/index.php?rest_route=\/wp\/v2\/pages\/6819\/revisions\/6835"}],"wp:attachment":[{"href":"https:\/\/langwost.de\/index.php?rest_route=%2Fwp%2Fv2%2Fmedia&parent=6819"}],"curies":[{"name":"wp","href":"https:\/\/api.w.org\/{rel}","templated":true}]}}