{"id":6837,"date":"2016-11-18T16:43:19","date_gmt":"2016-11-18T15:43:19","guid":{"rendered":"http:\/\/langwost.de\/?page_id=6837"},"modified":"2016-11-18T17:05:33","modified_gmt":"2016-11-18T16:05:33","slug":"divisionspartner-werden","status":"publish","type":"page","link":"https:\/\/langwost.de\/?page_id=6837","title":{"rendered":"Divisionspartner werden!"},"content":{"rendered":"<h2><strong>Gewerbliche Wiederverk\u00e4ufer aufgepasst!<\/strong><\/h2>\n<p><strong>Jetzt k\u00f6nnen Sie mit exclusiven Divisionen ohne gro\u00dfen Aufwand<br \/>\nganz einfach Zusatzumsatz generieren!<\/strong><\/p>\n<p>Das funktioniert wie folgt:<br \/>\nSie betreuen Kundengruppen, die sich f\u00fcr die unterschiedlichsten<br \/>\nFachbereiche des Marketing &#8211; Werbung &#8211; Promotion &#8211; Verkaufsf\u00f6rderung<br \/>\ninteressieren? <strong>Dann sind Sie hier goldrichtig!<\/strong><\/p>\n<p>Wir haben zahlreiche Divisionen vorbereitet, ideal f\u00fcr Wiederverk\u00e4ufer,<br \/>\nideal um schnell Zusatzumsatz zu generieren!<br \/>\nSie k\u00f6nnen selber direkt bei den Divisionen einkaufen und<br \/>\nerhalten als Wiederverk\u00e4ufer Ihre speziellen Rabatte \/ Nachl\u00e4sse,<br \/>\noder es gibt weitere 4 M\u00f6glichkeiten. <strong>Hier alle 5 M\u00f6glichkeiten<\/strong>:<\/p>\n<h2><strong> 1) Sie entscheiden, das Sie selber Einkaufen.<br \/>\n<\/strong><\/h2>\n<p><strong>Als Wiederverk\u00e4ufer erhalten Sie auf alle Divisions-Preise<\/strong><br \/>\n<strong>mindestens 5% oft sogar 10% oder mehr! Dazu sp\u00e4ter mehr\/ bei Anfrage.<\/strong><\/p>\n<p>Sie kaufen als normaler Bestellkunde selber ein und sichern sich Ihre<br \/>\nNachl\u00e4sse durch Ihr Einkaufsvolumen.<br \/>\nWer viel kauft erh\u00e4lt h\u00f6here Nachlass-Rabatte.<br \/>\n<strong>Sie bestellen ganz normal, erhalten Wiederverk\u00e4uferrabatt sowie<\/strong><br \/>\n<strong>zzgl.<\/strong><br \/>\n<strong>abzgl. Umsatz-Nachlass !!!:<\/strong><br \/>\nab\u00a0\u00a0 3.000,00 \u20ac =\u00a0\u00a0 2% auf Umsatzsumme<br \/>\nab 10.000,00 \u20ac =\u00a0\u00a0 3% auf Umsatzsumme<br \/>\nab 20.000,00 \u20ac =\u00a0\u00a0 5% auf Umsatzsumme<br \/>\nab 50.000,00 \u20ac =\u00a0\u00a0 7% auf Umsatzsumme<br \/>\noder<\/p>\n<h2><strong>2) <\/strong><strong>Sie entscheiden das Ihr Kunde vermittelt werden soll.<\/strong><\/h2>\n<p><strong>Somit bestellt Ihr Kunde bei den jeweiligen Divisionen (siehe unten) direkt <\/strong><br \/>\n<strong>und Sie erhalten als Vermittler und Tippgeber eine TippProvision.<\/strong><br \/>\nIhr Kunde hat keinerlei Nachteile, denn er bekommt die gleichen<br \/>\nUmsatznachl\u00e4sse Nachl\u00e4sse die Sie auch erhalten w\u00fcrden!<br \/>\noder, die Sie ihm avisieren. Sie k\u00f6nnen selber entscheiden!!<\/p>\n<p><strong>Sie als Tipp-Geber mailen uns einfach den bevorstehenden Kunden mit<\/strong><br \/>\n<strong> Anschrift\/Firmierung und Namen des Ansprechpartners zu.<\/strong><br \/>\n<strong> Wir registrieren Sie als Tipp-Geber und best\u00e4tigen Ihren Vermittlungsauftrag.<\/strong><\/p>\n<p>Sie haben als Vermittler auch keine Nachteile,<br \/>\nsondern Sie erhalten eine TippProvision von 1 bis 4 %.<br \/>\n<strong>Die H\u00f6he der TippProvision richtet sich nach Umsatzvolumen<\/strong><br \/>\nIhres vermittelten Kunden:<br \/>\nab\u00a0\u00a0 3.000,00 \u20ac =\u00a0\u00a0 1% auf Umsatzsumme<br \/>\nab 10.000,00 \u20ac =\u00a0\u00a0 2% auf Umsatzsumme<br \/>\nab 20.000,00 \u20ac =\u00a0\u00a0 3% auf Umsatzsumme<br \/>\nab 50.000,00 \u20ac =\u00a0\u00a0 4% auf Umsatzsumme<br \/>\nWir teilen Ihnen unmittelbar nach dem Bestellvolumen Ihres Kunden<br \/>\nsofort Ihre Tipp-Auszahlung per mail mit.<br \/>\n<strong>Auszahlung der TippProvision:<\/strong><br \/>\nSie stellen uns eine Rechnung mit TippProvision gem\u00e4\u00df Tipp-Auszahlungsmail.<br \/>\nWir \u00fcberweisen sofort die Provision an Sie nach Zahlungseingang des Kunden.<\/p>\n<p>Gleichzeitig k\u00f6nnen Sie bei uns einen 24 monatigen Kundenschutz f\u00fcr<br \/>\nIhren vermittelten Kunden beantragen.<br \/>\nBeginn des Kundenschutzes ist immer das Bestelldatum Ihres Kunden.<\/p>\n<h2><strong>3) <\/strong><strong>Sie m\u00f6chten f\u00fcr Ihren Kunden Kundenschutz? Kein Problem!<\/strong><\/h2>\n<p>Sie senden uns eine mail an die Divisionen mit dem Betreff:<br \/>\n<strong>&#8222;Erbitte Kundenschutz!\u201c<\/strong><br \/>\nund f\u00fcgen im mailtext einfach die Kundenadresse und den Ansprechpartner<br \/>\ndes Kunden ein, den wir f\u00fcr Sie als Wiederverk\u00e4ufer sch\u00fctzen sollen.<br \/>\nBitte Ihren Absenderanschrift\/Firmierung nicht vergessen!<\/p>\n<p>Daraufhin erhalten Sie als TippGeber von uns eine Best\u00e4tigungsmail<br \/>\nmit Kundenschutz f\u00fcr Ihren Kunden!<br \/>\nDas bedeutet, jede Bestellung die Ihr Kunde innerhalb 24 Monate t\u00e4tigt,<br \/>\nwird Ihnen mit TippProvision verg\u00fctet.<br \/>\nIhr Kunde hat keine Nachteile, denn er kann ganz einfach bei den Divisionen<br \/>\nonline bestellen.<br \/>\nIhr Kunde bekommt seine Umsatzrabatte und Nachl\u00e4sse wie gehabt!!<br \/>\n<strong>Sie als TippGeber haben keine Nachteile, sondern nur Vorteile!<\/strong><\/p>\n<h2><strong>4) Sie m\u00f6chten Divisions-Agentur werden:<\/strong><\/h2>\n<p><strong>Dieser besondere Divisions-Status ist umsatzstarken Werbemittlern<\/strong><br \/>\n<strong> vorbehalten.<\/strong><br \/>\nVoraussetzung ist, das ein regelm\u00e4ssiger Jahresumsatz von mehr<br \/>\nals 25.000,00 \u20ac erfolgt.<br \/>\nSie k\u00f6nnen sich fr\u00fchestens nach einem Jahr nach der<br \/>\nErstbestellung\/Erstvermittlung und erreichen des Mindestumsatzes<br \/>\nbei uns als Divisionsagentur bewerben.<br \/>\nIm Folgejahr sind Sie Vertriebs-Division-Anw\u00e4rter und erhalten in diesem<br \/>\nFolgejahr<strong> 6% Nachlass auf alle Online-Preise!,<br \/>\nzzgl. Wiederverk\u00e4uferrabatt<\/strong> <strong>&#8211; zus\u00e4tzlich zu obigen Nachl\u00e4sse- !!<\/strong><\/p>\n<h3><strong>Divisions-Agentur-Basic<\/strong><strong><\/strong><br \/>\n<strong><\/strong><\/h3>\n<p><strong><\/strong>Nach Ablauf den ersten 24 Monaten und 2maligen erreichen des<br \/>\nMindestjahresumsatzes (pro Jahr mind. 25tsd. \u20ac\/Umsatz)<br \/>\nerhalten Sie f\u00fcr die bevorstehenden 24 Monate den Status<br \/>\n<strong>&#8222;Divisions-Agentur-Basic\u201c.<\/strong><br \/>\nDer Divisions-Status Basic sichert Ihnen zus\u00e4tzlich 2%* zu den bereits<br \/>\nvorhandenen 6%* des Divisions-Anw\u00e4rters.<br \/>\n<strong>Der Divisions-Status Basic garantiert Ihnen somit 8%* Zusatz-Nachlass<\/strong><br \/>\n<strong>zu den Einkaufsnachlass nach Umsatz je Bestellung:<\/strong><br \/>\nAb einem Einkaufswert von 10.000,00 \u20ac\/netto je Bestellung erhalten Sie<br \/>\n4%* Rabatt! abzgl. 8%* Basic-Status<br \/>\nAb einem Einkaufswert von 20.000,00 \u20ac\/netto je Bestellung erhalten Sie<br \/>\n6%* Rabatt! abzgl. 8%* Basic-Status<br \/>\nAb einem Einkaufswert von 50.000,00 \u20ac\/netto je Bestellung erhalten Sie<br \/>\n6%* Rabatt! abzgl. 8%* Basic-Status<\/p>\n<h6>* Achtung: die Provisionen sind von Division zu Division unterschiedlich.<br \/>\nBitte dazu bei den Divisionsseiten direkt nachschauen unter &#8222;Infos \u00fcber&#8230;&#8220;<\/h6>\n<h3><strong>Divisions-Agentur-Silber<\/strong><\/h3>\n<p>Nach weiteren 24 Monaten und weiteren 2maligen Erreichen des<br \/>\nMindestjahresumsatzes (pro Jahr mind. 25tsd. \u20ac\/Umsatz)<br \/>\nerhalten Sie f\u00fcr die bevorstehenden 24 Monate den Status<br \/>\n<strong>&#8222;Divisions-Agentur-Silber\u201c.<\/strong><br \/>\nDer Divisions-Status Silber sichert Ihnen zus\u00e4tzlich<br \/>\n4%* zu den bereits vorhandenen 6%* des Divisions-Anw\u00e4rters.<br \/>\n<strong>Der Divisions-Status Silber garantiert Ihnen somit 1<\/strong><strong>0%* Zusatz-Nachlass<br \/>\nzu den Einkaufsnachlass nach Umsatz je Bestellung:<\/strong><br \/>\nAb einem Einkaufswert von 10.000,00 \u20ac\/netto je Bestellung erhalten Sie<br \/>\n5%* Rabatt! abzgl. 10%* Basic-Status<br \/>\nAb einem Einkaufswert von 20.000,00 \u20ac\/netto je Bestellung erhalten Sie<br \/>\n7%* Rabatt! abzgl. 10%* Basic-Status<br \/>\nAb einem Einkaufswert von 50.000,00 \u20ac\/netto je Bestellung erhalten Sie<br \/>\n8%* Rabatt! abzgl. 10%* Basic-Status<\/p>\n<h6>* Achtung: die Provisionen sind von Division zu Division unterschiedlich.<br \/>\nBitte dazu bei den Divisionsseiten direkt nachschauen unter &#8222;Infos \u00fcber&#8230;&#8220;<\/h6>\n<h3><strong>Divisions-Agentur-Gold<\/strong><\/h3>\n<p>Nach weiteren 24 Monaten und weiteren 2maligen Erreichen des<br \/>\nMindestjahresumsatzes (pro Jahr mind. 25tsd. \u20ac\/Umsatz)<br \/>\nerhalten Sie f\u00fcr die bevorstehenden 24 Monate den Status<br \/>\n<strong>&#8222;Divisions-Agentur-Gold\u201c.<\/strong><br \/>\nSie erhalten weitere Verg\u00fcnstigungen.<br \/>\nDer Divisions-Status Gold sichert Ihnen zus\u00e4tzlich<br \/>\n5%* zu den bereits vorhandenen 6%* des Divisions-Anw\u00e4rters.<br \/>\n<strong>Der Divisions-Status Gold garantiert Ihnen somit 11%* Zusatz-Nachlass<\/strong><br \/>\n<strong>zu den Einkaufsnachlass nach Umsatz je Bestellung:<\/strong><br \/>\nAb einem Einkaufswert von 10.000,00 \u20ac\/netto je Bestellung erhalten Sie<br \/>\n6%* Rabatt! abzgl. 11%* Basic-Status<br \/>\nAb einem Einkaufswert von 20.000,00 \u20ac\/netto je Bestellung erhalten Sie<br \/>\n8%* Rabatt! abzgl. 11%* Basic-Status<br \/>\nAb einem Einkaufswert von 50.000,00 \u20ac\/netto je Bestellung erhalten Sie<br \/>\n9%* Rabatt! abzgl. 11%* Basic-Status<\/p>\n<h6>* Achtung: die Provisionen sind von Division zu Division unterschiedlich.<br \/>\nBitte dazu bei den Divisionsseiten direkt nachschauen unter &#8222;Infos \u00fcber&#8230;&#8220;<\/h6>\n<p><strong>Bewerben Sie sich als Divisions-Agentur<\/strong><br \/>\n<strong>und bauen Sie sich Ihre weiteren Divisions-Vertriebspartner auf.<\/strong><br \/>\nDer Status \u201eDivisions-Agentur ist innerhalb des Division-Netzwerkes<br \/>\ngesch\u00fctzt und wird nur an beratungs- und umsatzstarke Agenturen<br \/>\nund Werbemittler vergeben.<br \/>\nDar\u00fcber hinaus profitiert die Divisionsagentur von dem Netzwerk<br \/>\nder weiteren 10 Divisionsagenturen:<\/p>\n<p>&#8211; <a href=\"https:\/\/actionpromotion.de\" target=\"_blank\">actionpromotion.de<\/a><br \/>\n&#8211; <a href=\"https:\/\/bauschild-miete.de\" target=\"_blank\">bauschild-miete.de<\/a><br \/>\n&#8211; <a href=\"https:\/\/citmax.de\" target=\"_blank\">citmax.de<\/a><br \/>\n&#8211; <a href=\"https:\/\/handzettel-verteiler.de\" target=\"_blank\">handzettel-verteiler.de<\/a><br \/>\n&#8211; <a href=\"https:\/\/ihrewerbeabteilung.de\" target=\"_blank\">ihrewerbeabteilung.de<\/a><br \/>\n&#8211; <a href=\"https:\/\/maxiwall.de\" target=\"_blank\">maxiwall.de<\/a><br \/>\n&#8211; <a href=\"https:\/\/pylone24.de\" target=\"_blank\">pylone24.de<\/a><br \/>\n&#8211; <a href=\"https:\/\/redax24.de\" target=\"_blank\">redax24.de<\/a><br \/>\n&#8211; <a href=\"https:\/\/rent-me24.de\" target=\"_blank\">rent-me24.de<\/a><br \/>\n&#8211; <a href=\"https:\/\/werbeturm24.de\" target=\"_blank\">werbeturm24.de<\/a><\/p>\n<p>die ebenso bundesweit und branchenverkn\u00fcpft agieren.<\/p>\n<p>Sie k\u00f6nnen Divisions-Agentur werden<br \/>\na) durch Zahlung der Lizenzgeb\u00fchr<br \/>\n(Anfrage Franchise- und Lizenzgeb\u00fchr unter info@langwost.de)<br \/>\nb) durch Anwartschaft unter Pos. d) der oben beschriebenen Umsatztreue.<\/p>\n<p><strong>Nach erreichen des Divisions-Status Basic oder h\u00f6her werden Sie<\/strong><br \/>\n<strong> offiziell als Divisionsagentur in der Divisions-Netzwerkstruktur gelistet<\/strong><br \/>\n<strong> und profitieren vom umfangreichen Divisionsnetzwerk der IP Group.<\/strong><br \/>\n<strong> Dar\u00fcber hinaus erhalten Sie Schulungen und Informationen zum<\/strong><br \/>\n<strong> Netzwerkausbau mit weiteren Divisionen und ausf\u00fchrlichen Provisionsplan<\/strong><br \/>\n<strong> aller IP-Group Divisionen und Dienstleistungen.<\/strong><\/p>\n<p>Als Divsionsagentur erhalten Sie je nach Status mindestens<br \/>\n6% Nachlass auf alle OnlinePreise und und profitieren auch in anderen<br \/>\nGesch\u00e4ftszweigen von der umfangreichen Netzwerkarbeit der IP-Group.<\/p>\n<h2><strong>5) Gesellschafter und aktiver Teilhaber werden:<\/strong><\/h2>\n<p>Sie k\u00f6nnen aktiver Teilhaber der Divisions-Agentur werden und<br \/>\nAnteile der Divisionen erwerben. Dazu wenden Sie sich ab 2018 an<br \/>\ndie 1a-idee.com AG, die alle Divisionen f\u00fchrt.<\/p>\n","protected":false},"excerpt":{"rendered":"<p>Gewerbliche Wiederverk\u00e4ufer aufgepasst! Jetzt k\u00f6nnen Sie mit exclusiven Divisionen ohne gro\u00dfen Aufwand ganz einfach Zusatzumsatz generieren! Das funktioniert wie folgt: [&hellip;]<\/p>\n","protected":false},"author":1,"featured_media":0,"parent":0,"menu_order":0,"comment_status":"closed","ping_status":"closed","template":"","meta":{"footnotes":"","_links_to":"","_links_to_target":""},"class_list":["post-6837","page","type-page","status-publish","hentry","no-featured-image"],"_links":{"self":[{"href":"https:\/\/langwost.de\/index.php?rest_route=\/wp\/v2\/pages\/6837"}],"collection":[{"href":"https:\/\/langwost.de\/index.php?rest_route=\/wp\/v2\/pages"}],"about":[{"href":"https:\/\/langwost.de\/index.php?rest_route=\/wp\/v2\/types\/page"}],"author":[{"embeddable":true,"href":"https:\/\/langwost.de\/index.php?rest_route=\/wp\/v2\/users\/1"}],"replies":[{"embeddable":true,"href":"https:\/\/langwost.de\/index.php?rest_route=%2Fwp%2Fv2%2Fcomments&post=6837"}],"version-history":[{"count":9,"href":"https:\/\/langwost.de\/index.php?rest_route=\/wp\/v2\/pages\/6837\/revisions"}],"predecessor-version":[{"id":6847,"href":"https:\/\/langwost.de\/index.php?rest_route=\/wp\/v2\/pages\/6837\/revisions\/6847"}],"wp:attachment":[{"href":"https:\/\/langwost.de\/index.php?rest_route=%2Fwp%2Fv2%2Fmedia&parent=6837"}],"curies":[{"name":"wp","href":"https:\/\/api.w.org\/{rel}","templated":true}]}}