{"id":4988,"date":"2013-12-05T10:40:04","date_gmt":"2013-12-05T09:40:04","guid":{"rendered":"http:\/\/langwost.de\/?product=das-50-mehr-umsatz-konzept"},"modified":"2022-03-01T09:07:27","modified_gmt":"2022-03-01T08:07:27","slug":"d5-vertriebs-lizenzen-fuer-shopy24-produkt-manager","status":"publish","type":"product","link":"https:\/\/langwost.de\/?product=d5-vertriebs-lizenzen-fuer-shopy24-produkt-manager","title":{"rendered":"D5) Vertriebs-Lizenzen f\u00fcr shopy24 Produkt &#8211; Manager."},"content":{"rendered":"<p>a-zdruck.de<br \/>\nbusitex.de<br \/>\nbillig-paradies.de<br \/>\nshopy24.de nach PLZ<\/p>\n<p>&nbsp;<\/p>\n<p>&nbsp;<\/p>\n","protected":false},"excerpt":{"rendered":"<p><strong>Fertige, bew\u00e4hrte Unternehmer-Shop-L\u00f6sungen<br \/>\nf\u00fcr selbst\u00e4ndige Shop-Manager <strong>im verlinkten Netzwerk<br \/>\n<\/strong><\/strong><strong>mit erfolgsorientierten Strukturaufbau.<br \/>\n<\/strong>&#8211; feste BASIC-Provision zzgl. Lizenz-Provision nach Wahl<br \/>\n&#8211; bew\u00e4hrte Shop-Gesch\u00e4ftsideen f\u00fcr eigenen Vertriebsaufbau<br \/>\n&#8211; Einzel Intensiv-Traning f\u00fcr alle Shop-Divisionen<br \/>\n&#8211; BackGround f\u00fcr Marketing und Verkauf<br \/>\n&#8211; Werbeunterst\u00fctzung + Telefonmarketing<br \/>\n&#8211; BackOffice \/ EDV-Tipps aus der Praxis<br \/>\n&#8211; Kundenschutz nach Verkaufsgebiet f\u00fcr alle Lizenznehmer<br \/>\n&#8211; OpenSource-Verkaufsgebietswahl mit BASIC-Provision<br \/>\n&#8211; Diverse Upgrade-M\u00f6glichkeiten<br \/>\n&#8211; Einfache Shopverwaltung da fertige Systeme, plug and work<br \/>\n<strong>W\u00e4hlen Sie: schwarzes Auswahlfeld anklicken,<br \/>\n<\/strong><strong>Auswahl nach und nach in den Warenkorb packen.<\/strong><\/p>\n","protected":false},"featured_media":6657,"comment_status":"open","ping_status":"closed","template":"","meta":{"_links_to":"","_links_to_target":""},"product_cat":[1139],"product_tag":[],"class_list":{"0":"post-4988","1":"product","2":"type-product","3":"status-publish","4":"has-post-thumbnail","6":"product_cat-fertige-vertriebsseiten-fuer-die-werbebranche-verkaufen-ganz-einfach","7":"pa_d5-lizenzen-manager-d5-1-lizenz-a-zdruck-de-freie-10-lizenz-fuer-produktverkauf-vertrag-24-monate-mtl-18900-e-jaehrliche-zahlung-2-26800-e","8":"pa_d5-lizenzen-manager-d5-1-1-aufpreis-lizenzerweiterung-a-zdruck-de-auf-weitere-zusaetzliche-10-provision-vertrag-24-monate-mtl-38800-e-jaehrliche-zahlung-4-55600-e","9":"pa_d5-lizenzen-manager-d5-1-2-aufpreis-alleinvertriebs-lizenz-a-zdruck-de-je-24-monate-39-50000-e","10":"pa_d5-lizenzen-manager-d5-2lizenz-busitex-de-freie-10-lizenz-fuer-produktverkauf-vertrag-24-monate-mtl-34500-e-jaehrliche-zahlung-4-14000-e","11":"pa_d5-lizenzen-manager-d5-2-1-aufpreis-lizenzerweiterung-busitex-de-auf-weitere-zusaetzliche-10-provision-vertrag-24-monate-mtl-69000-e-jaehrliche-zahlung-8-28000-e","12":"pa_d5-lizenzen-manager-d5-2-2-aufpreis-alleinvertriebs-lizenz-busitex-de-je-24-monate-81-84000-e","13":"pa_d5-lizenzen-manager-d5-3-lizenz-billig-paradies-de-freie-lizenz-fuer-online-shop-nutzung-vertrag-24-monate-mtl-74000-e-jaehrliche-zahlung-8-88000-e","14":"pa_d5-lizenzen-manager-d5-3-1-aufpreis-lizenzerweiterung-shop-in-shop-netzwerk-aufbau-fuer-billig-paradies-de-24-monate-mtl-1-32000-e-jaehrliche-zahlung-15-84000-e","15":"pa_d5-lizenzen-manager-d5-3-2-aufpreis-alleinvertriebs-lizenz-billig-paradies-de-je-24-monate-78-48000-e","16":"pa_d5-lizenzen-manager-d5-4-lizenz-shopy24-de-freie-lizenz-fuer-produktverkauf-und-online-shop-nutzung-vertrag-24-monate-mtl-1-21000-e-jaehrliche-zahlung-14-52000-e","17":"pa_d5-lizenzen-manager-d5-4-1-aufpreis-lizenzerweiterung-auf-weitere-zusaetzliche-10-provision-fuer-shopy24-de-24-monate-mtl-1-97000-e-jaehrliche-zahlung-23-64000-e","18":"pa_d5-lizenzen-manager-d5-4-2-aufpreis-alleinvertriebs-lizenz-shopy24-de-je-24-monate-118-44000-e","20":"first","21":"instock","22":"taxable","23":"shipping-taxable","24":"purchasable","25":"product-type-variable","26":"has-featured-image","27":"portrait"},"_links":{"self":[{"href":"https:\/\/langwost.de\/index.php?rest_route=\/wp\/v2\/product\/4988"}],"collection":[{"href":"https:\/\/langwost.de\/index.php?rest_route=\/wp\/v2\/product"}],"about":[{"href":"https:\/\/langwost.de\/index.php?rest_route=\/wp\/v2\/types\/product"}],"replies":[{"embeddable":true,"href":"https:\/\/langwost.de\/index.php?rest_route=%2Fwp%2Fv2%2Fcomments&post=4988"}],"wp:featuredmedia":[{"embeddable":true,"href":"https:\/\/langwost.de\/index.php?rest_route=\/wp\/v2\/media\/6657"}],"wp:attachment":[{"href":"https:\/\/langwost.de\/index.php?rest_route=%2Fwp%2Fv2%2Fmedia&parent=4988"}],"wp:term":[{"taxonomy":"product_cat","embeddable":true,"href":"https:\/\/langwost.de\/index.php?rest_route=%2Fwp%2Fv2%2Fproduct_cat&post=4988"},{"taxonomy":"product_tag","embeddable":true,"href":"https:\/\/langwost.de\/index.php?rest_route=%2Fwp%2Fv2%2Fproduct_tag&post=4988"}],"curies":[{"name":"wp","href":"https:\/\/api.w.org\/{rel}","templated":true}]}}