{"id":6063,"date":"2015-09-04T10:39:35","date_gmt":"2015-09-04T08:39:35","guid":{"rendered":"http:\/\/langwost.de\/?post_type=product&#038;p=6063"},"modified":"2022-03-01T09:29:49","modified_gmt":"2022-03-01T08:29:49","slug":"p2-detail-projektierung-phase1-daten-erstellen-pruefen-vorarbeiten","status":"publish","type":"product","link":"https:\/\/langwost.de\/?product=p2-detail-projektierung-phase1-daten-erstellen-pruefen-vorarbeiten","title":{"rendered":"P2: Detail-Projektierung Phase1 Daten erstellen \/ pr\u00fcfen \/ Vorarbeiten"},"content":{"rendered":"<p>Je nach Projektfortschritt und Kundenvorgabe k\u00f6nnen die jeweils entsprechenden, notwendigen Dienstleistungen, individuell auf Ihre Bed\u00fcrfnisse angepasst und abgestimmt werden.<br \/>\nCitmax pr\u00fcft z.B. Ihre Druckdaten auf Produktionsm\u00f6glichkeit, kann diese anarbeiten und optimieren und liefert Korrekturabz\u00fcge in der Vorphase z.B. mit Entw\u00fcrfen, Design und Konzept, so das Sie und Ihre Prozessentscheider diese zur Produktion freigeben k\u00f6nnen.<br \/>\nOb anfordern von Produktionsmustern, bearbeiten von Bilddaten oder entwickeln von Logos, Signet und grafischen Vorarbeiten bis hin zum Copyrightl\u00f6sung oder dem Druckservice, mit Citmax erhalten Sie alle notwendigen Produktionsschritte aus eine Hand, wirtschaft perfekt abgestimmt und realisiert.<br \/>\n<strong>Sprechen Sie mit Ihrem CitmaxProfi \u00fcber die notwendigen Detail-Projektierungsma\u00dfnahmen<\/strong>, so das genau die richtigen Komponenten zur Auswahl kommen.<\/p>\n","protected":false},"excerpt":{"rendered":"<p>Detail-Projektierung Phase1 nach Auswahl und Zusammenstellung.<br \/>\n<strong>W\u00e4hlen Sie: schwarzes Auswahlfeld anklicken,<br \/>\n<\/strong><strong>Auswahl nach und nach in den Warenkorb packen.<\/strong><\/p>\n","protected":false},"featured_media":6099,"comment_status":"closed","ping_status":"closed","template":"","meta":{"_links_to":"","_links_to_target":""},"product_cat":[1140],"product_tag":[],"class_list":{"0":"post-6063","1":"product","2":"type-product","3":"status-publish","4":"has-post-thumbnail","6":"product_cat-projekt-start-module","7":"pa_p2-zahlung-abschlag-anzahlung-fuer-unseren-auftrag-basic-betrag-10000-e","8":"pa_p2-zahlung-abschlag-abschlags-zahlung1-fuer-unseren-auftrag-basic-betrag-10000-e","9":"pa_p2-zahlung-abschlag-abschlags-zahlung2-fuer-unseren-auftrag-basic-betrag-10000-e","10":"pa_p2-zahlung-abschlag-abschlags-zahlung3-fuer-unseren-auftrag-basic-betrag-10000-e","11":"pa_p2-zahlung-abschlag-abschlags-zahlung4-fuer-unseren-auftrag-basic-betrag-10000-e","12":"pa_p2-zahlung-abschlag-restzahlung-basic-betrag-10000-e","13":"pa_p2-zahlung-abschlag-zahlung-in-001-cent-einheiten-per-001-e","14":"pa_p2-zahlung-abschlag-zahlung-in-010-cent-einheiten-per-010-e","15":"pa_p2-zahlung-abschlag-zahlung-in-100-e-euro-einheiten-per-100-e","16":"pa_p2-zahlung-abschlag-zahlung-in-1000-e-euro-einheiten-per-1000-e","17":"pa_p2-zahlung-abschlag-zahlung-in-10000-e-einheiten-per-10000-e","18":"pa_p2-zahlung-abschlag-zahlung-in-1-00000-e-einheiten-per-1-00000-e","20":"first","21":"instock","22":"taxable","23":"shipping-taxable","24":"purchasable","25":"product-type-variable","26":"has-featured-image","27":"portrait"},"_links":{"self":[{"href":"https:\/\/langwost.de\/index.php?rest_route=\/wp\/v2\/product\/6063"}],"collection":[{"href":"https:\/\/langwost.de\/index.php?rest_route=\/wp\/v2\/product"}],"about":[{"href":"https:\/\/langwost.de\/index.php?rest_route=\/wp\/v2\/types\/product"}],"replies":[{"embeddable":true,"href":"https:\/\/langwost.de\/index.php?rest_route=%2Fwp%2Fv2%2Fcomments&post=6063"}],"wp:featuredmedia":[{"embeddable":true,"href":"https:\/\/langwost.de\/index.php?rest_route=\/wp\/v2\/media\/6099"}],"wp:attachment":[{"href":"https:\/\/langwost.de\/index.php?rest_route=%2Fwp%2Fv2%2Fmedia&parent=6063"}],"wp:term":[{"taxonomy":"product_cat","embeddable":true,"href":"https:\/\/langwost.de\/index.php?rest_route=%2Fwp%2Fv2%2Fproduct_cat&post=6063"},{"taxonomy":"product_tag","embeddable":true,"href":"https:\/\/langwost.de\/index.php?rest_route=%2Fwp%2Fv2%2Fproduct_tag&post=6063"}],"curies":[{"name":"wp","href":"https:\/\/api.w.org\/{rel}","templated":true}]}}