{"id":6292,"date":"2015-09-04T13:50:06","date_gmt":"2015-09-04T11:50:06","guid":{"rendered":"http:\/\/langwost.de\/?post_type=product&#038;p=6292"},"modified":"2019-11-05T09:34:33","modified_gmt":"2019-11-05T08:34:33","slug":"p23-verpackung-versand-palettierung-2","status":"publish","type":"product","link":"https:\/\/langwost.de\/?product=p23-verpackung-versand-palettierung-2","title":{"rendered":"P23: Verpackung, Versand, Palettierung"},"content":{"rendered":"<p><strong>Citmax liefert deutschlandweit schnell und g\u00fcnstig.<\/strong><br \/>\nBei Gro\u00dfwerbeanlagen erfolgt die Auslieferung mit dem Montageteam sowie per Lieferfahrzeug\/Anh\u00e4nger \/ LKW oder mittels Spezialtransport, siehe\u00a0<strong>P12<\/strong>.<br \/>\nKleinwerbung sowie versandf\u00e4hige Schilder\/Beschriftungen\/Artikel werden entsprechend wirtschaftlich verpackt und zum Selbstkostenreis zu Ihnen versendet.<br \/>\nOb mit Spedition, DHL, GLS oder UPS oder anderen Versanddienstleistern ist je nach Region, Gewicht\/Umfang und Verpackungsaufwand vom Citmax-Profi und Ihnen gemeinsam abzuw\u00e4gen.<br \/>\nMit Hilfe diesen umfassenden Lieferservice k\u00f6nnen Sie g\u00fcnstig Citmax-Produkte \u00fcberall, schnell und wirtschaftlich erhalten.<br \/>\nW\u00e4hlen Sie die geeignete Versandart oder die Direktauslieferung mit Fahrer unter\u00a0<strong>P1<\/strong>\u00a0und\/oder\u00a0<strong>P12<\/strong>\u00a0aus.<\/p>\n","protected":false},"excerpt":{"rendered":"<p>Pauschalen f\u00fcr Versand und Verpackung nach Standardma\u00dfen zzgl. Sonderleistung zum Versand,<br \/>\ndie mit Ihrem Citmax-Profi mit Ihnen abgestimmt wird.<strong><br \/>\nW\u00e4hlen Sie: schwarzes Auswahlfeld anklicken,<\/strong><br \/>\n<strong>Auswahl nach und nach in den Warenkorb packen.<\/strong><\/p>\n","protected":false},"featured_media":6309,"comment_status":"closed","ping_status":"closed","template":"","meta":{"_links_to":"","_links_to_target":""},"product_cat":[1142],"product_tag":[],"class_list":{"0":"post-6292","1":"product","2":"type-product","3":"status-publish","4":"has-post-thumbnail","6":"product_cat-technische-kosten","8":"first","9":"instock","10":"taxable","11":"shipping-taxable","12":"purchasable","13":"product-type-variable","14":"has-featured-image","15":"portrait"},"_links":{"self":[{"href":"https:\/\/langwost.de\/index.php?rest_route=\/wp\/v2\/product\/6292"}],"collection":[{"href":"https:\/\/langwost.de\/index.php?rest_route=\/wp\/v2\/product"}],"about":[{"href":"https:\/\/langwost.de\/index.php?rest_route=\/wp\/v2\/types\/product"}],"replies":[{"embeddable":true,"href":"https:\/\/langwost.de\/index.php?rest_route=%2Fwp%2Fv2%2Fcomments&post=6292"}],"wp:featuredmedia":[{"embeddable":true,"href":"https:\/\/langwost.de\/index.php?rest_route=\/wp\/v2\/media\/6309"}],"wp:attachment":[{"href":"https:\/\/langwost.de\/index.php?rest_route=%2Fwp%2Fv2%2Fmedia&parent=6292"}],"wp:term":[{"taxonomy":"product_cat","embeddable":true,"href":"https:\/\/langwost.de\/index.php?rest_route=%2Fwp%2Fv2%2Fproduct_cat&post=6292"},{"taxonomy":"product_tag","embeddable":true,"href":"https:\/\/langwost.de\/index.php?rest_route=%2Fwp%2Fv2%2Fproduct_tag&post=6292"}],"curies":[{"name":"wp","href":"https:\/\/api.w.org\/{rel}","templated":true}]}}